{"id":12944,"date":"2025-04-02T12:37:14","date_gmt":"2025-04-02T12:37:14","guid":{"rendered":"https:\/\/marrakech-golf-festival.com\/prices\/"},"modified":"2026-05-14T15:30:20","modified_gmt":"2026-05-14T15:30:20","slug":"prices","status":"publish","type":"page","link":"https:\/\/marrakech-golf-festival.com\/de\/prices\/","title":{"rendered":"PREISE"},"content":{"rendered":"\t\t<div data-elementor-type=\"wp-page\" data-elementor-id=\"12944\" class=\"elementor elementor-12944\">\n\t\t\t\t<div class=\"elementor-element elementor-element-9ffb1a1 e-flex e-con-boxed e-con e-parent\" data-id=\"9ffb1a1\" data-element_type=\"container\" data-e-type=\"container\">\n\t\t\t\t\t<div class=\"e-con-inner\">\n\t\t<div data-ekitparallax=\"{&quot;ekit_section_parallax_bg&quot;:&quot;yes&quot;,&quot;ekit_section_parallax_bg_speed&quot;:0.5,&quot;elementor_lazy_load&quot;:&quot;1&quot;}\" class=\"elementor-element elementor-element-6efec34 e-flex e-con-boxed e-con e-child\" data-id=\"6efec34\" data-element_type=\"container\" data-e-type=\"container\" data-settings=\"{&quot;background_background&quot;:&quot;classic&quot;}\">\n\t\t\t\t\t<div class=\"e-con-inner\">\n\t\t<div class=\"elementor-element elementor-element-4556b76 e-con-full e-flex e-con e-child\" data-id=\"4556b76\" data-element_type=\"container\" data-e-type=\"container\">\n\t\t\t\t<div class=\"elementor-element elementor-element-a0d4bd1 at-heading-animation at-animation-heading-style-3 elementor-widget elementor-widget-heading\" data-id=\"a0d4bd1\" data-element_type=\"widget\" data-e-type=\"widget\" data-settings=\"{&quot;ekit_we_effect_on&quot;:&quot;none&quot;}\" data-widget_type=\"heading.default\">\n\t\t\t\t\t<h1 class=\"elementor-heading-title elementor-size-default\">PREISE<\/h1>\t\t\t\t<\/div>\n\t\t\t\t<div class=\"elementor-element elementor-element-b94880b elementor-invisible elementor-widget elementor-widget-golfex-breadcrumb\" data-id=\"b94880b\" data-element_type=\"widget\" data-e-type=\"widget\" data-settings=\"{&quot;_animation&quot;:&quot;fadeInUp&quot;,&quot;ekit_we_effect_on&quot;:&quot;none&quot;}\" data-widget_type=\"golfex-breadcrumb.default\">\n\t\t\t\t<div class=\"elementor-widget-container\">\n\t\t\t\t\t<div role=\"navigation\" aria-label=\"Breadcrumbs\" class=\"breadcrumb-trail breadcrumbs\"><ol class=\"trail-items\"><li class=\"trail-item trail-begin\"><a href=\"https:\/\/marrakech-golf-festival.com\/de\/\" rel=\"home\"><span>Home<\/span><\/a><\/li><li class=\"trail-item trail-end\"><span><span>PREISE<\/span><\/span><\/li><\/ol><\/div>\t\t\t\t<\/div>\n\t\t\t\t<\/div>\n\t\t\t\t<\/div>\n\t\t\t\t\t<\/div>\n\t\t\t\t<\/div>\n\t\t\t\t\t<\/div>\n\t\t\t\t<\/div>\n\t\t<div class=\"elementor-element elementor-element-5eb9ce9 e-flex e-con-boxed e-con e-parent\" data-id=\"5eb9ce9\" data-element_type=\"container\" data-e-type=\"container\" data-settings=\"{&quot;background_background&quot;:&quot;classic&quot;}\">\n\t\t\t\t\t<div class=\"e-con-inner\">\n\t\t<div class=\"elementor-element elementor-element-822c5ad e-con-full e-flex e-con e-child\" data-id=\"822c5ad\" data-element_type=\"container\" data-e-type=\"container\">\n\t\t\t\t<div class=\"elementor-element elementor-element-43d8392 section-title at-heading-animation at-animation-heading-none elementor-invisible elementor-widget elementor-widget-heading\" data-id=\"43d8392\" data-element_type=\"widget\" data-e-type=\"widget\" data-settings=\"{&quot;_animation&quot;:&quot;fadeInUp&quot;,&quot;ekit_we_effect_on&quot;:&quot;none&quot;}\" data-widget_type=\"heading.default\">\n\t\t\t\t\t<h3 class=\"elementor-heading-title elementor-size-default\">OPTION 1<\/h3>\t\t\t\t<\/div>\n\t\t\t\t<div class=\"elementor-element elementor-element-6b45c52 at-heading-animation at-animation-heading-style-3 elementor-widget elementor-widget-heading\" data-id=\"6b45c52\" data-element_type=\"widget\" data-e-type=\"widget\" data-settings=\"{&quot;ekit_we_effect_on&quot;:&quot;none&quot;}\" data-widget_type=\"heading.default\">\n\t\t\t\t\t<h2 class=\"elementor-heading-title elementor-size-default\">MOVENPICK MANSOUR EDDAHBI HOTEL 5*<\/h2>\t\t\t\t<\/div>\n\t\t\t\t<div class=\"elementor-element elementor-element-cfc581c elementor-invisible elementor-widget elementor-widget-text-editor\" data-id=\"cfc581c\" data-element_type=\"widget\" data-e-type=\"widget\" data-settings=\"{&quot;_animation&quot;:&quot;fadeInUp&quot;,&quot;_animation_delay&quot;:100,&quot;ekit_we_effect_on&quot;:&quot;none&quot;}\" data-widget_type=\"text-editor.default\">\n\t\t\t\t\t\t\t\t\t<p data-path-to-node=\"3,0,0\"><b data-path-to-node=\"3,0,0\" data-index-in-node=\"0\">Preis pro Golfer: 1795 Euro<\/b><\/p><p data-path-to-node=\"3,1,0\"><b data-path-to-node=\"3,1,0\" data-index-in-node=\"0\">Preis pro Nicht-Golfer: 1435 Euro<\/b><\/p><p data-path-to-node=\"3,2,0\"><b data-path-to-node=\"3,2,0\" data-index-in-node=\"0\">Einzelzimmerzuschlag: 535 Euro<\/b><\/p>\t\t\t\t\t\t\t\t<\/div>\n\t\t\t\t<div class=\"elementor-element elementor-element-4f0c651 at-heading-animation at-animation-heading-style-3 elementor-widget elementor-widget-heading\" data-id=\"4f0c651\" data-element_type=\"widget\" data-e-type=\"widget\" data-settings=\"{&quot;ekit_we_effect_on&quot;:&quot;none&quot;}\" data-widget_type=\"heading.default\">\n\t\t\t\t\t<h2 class=\"elementor-heading-title elementor-size-default\">DER PREIS BEINHALTET (OPTION 1)<\/h2>\t\t\t\t<\/div>\n\t\t\t\t<div class=\"elementor-element elementor-element-4a2535a elementor-invisible elementor-widget elementor-widget-text-editor\" data-id=\"4a2535a\" data-element_type=\"widget\" data-e-type=\"widget\" data-settings=\"{&quot;_animation&quot;:&quot;fadeInUp&quot;,&quot;_animation_delay&quot;:100,&quot;ekit_we_effect_on&quot;:&quot;none&quot;}\" data-widget_type=\"text-editor.default\">\n\t\t\t\t\t\t\t\t\t<ul><li><p data-path-to-node=\"6,0,0\"><b data-path-to-node=\"6,0,0\" data-index-in-node=\"0\">7 \u00dcbernachtungen inklusive Steuern im MOVENPICK HOTEL<\/b><\/p><\/li><li><p data-path-to-node=\"6,1,0\"><b data-path-to-node=\"6,1,0\" data-index-in-node=\"0\">T\u00e4gliches Fr\u00fchst\u00fccksbuffet<\/b><\/p><\/li><li><p data-path-to-node=\"6,2,0\"><b data-path-to-node=\"6,2,0\" data-index-in-node=\"0\">5 Tage Golfwettbewerb (5 Golfrunden)<\/b><\/p><\/li><li><p data-path-to-node=\"6,3,0\"><b data-path-to-node=\"6,3,0\" data-index-in-node=\"0\">4 Cocktailpartys mit Canap\u00e9s<\/b><\/p><\/li><li><p data-path-to-node=\"6,4,0\"><b data-path-to-node=\"6,4,0\" data-index-in-node=\"0\">\u00bd Tag gef\u00fchrte Stadtrundfahrt durch Marrakesch<\/b><\/p><\/li><li><p data-path-to-node=\"6,5,0\"><b data-path-to-node=\"6,5,0\" data-index-in-node=\"0\">Abendessen mit Show im Restaurant CHEZ ALI<\/b><\/p><\/li><li><p data-path-to-node=\"6,6,0\"><b data-path-to-node=\"6,6,0\" data-index-in-node=\"0\">Golf-Trick-Show von Karsten Maas<\/b><\/p><\/li><li><p data-path-to-node=\"2,0,0\"><b data-path-to-node=\"2,0,0\" data-index-in-node=\"0\">Gala-Abendessen mit Unterhaltungsprogramm &amp; Siegerehrung<\/b><\/p><\/li><li><p data-path-to-node=\"2,1,0\"><b data-path-to-node=\"2,1,0\" data-index-in-node=\"0\">Private Golf-Transfers (Hotel \u2013 Golfplatz \u2013 Hotel)<\/b><\/p><\/li><li><p data-path-to-node=\"2,2,0\"><b data-path-to-node=\"2,2,0\" data-index-in-node=\"0\">Private Flughafentransfers vom und zum Flughafen Marrakesch<\/b><\/p><\/li><li><p data-path-to-node=\"2,3,0\"><b data-path-to-node=\"2,3,0\" data-index-in-node=\"0\">Unsere permanente Betreuung vor Ort in Marrakesch<\/b><\/p><\/li><\/ul>\t\t\t\t\t\t\t\t<\/div>\n\t\t\t\t<div class=\"elementor-element elementor-element-80175a7 elementor-invisible elementor-widget elementor-widget-text-editor\" data-id=\"80175a7\" data-element_type=\"widget\" data-e-type=\"widget\" data-settings=\"{&quot;_animation&quot;:&quot;fadeInUp&quot;,&quot;_animation_delay&quot;:100,&quot;ekit_we_effect_on&quot;:&quot;none&quot;}\" data-widget_type=\"text-editor.default\">\n\t\t\t\t\t\t\t\t\t<p data-path-to-node=\"4\"><b data-path-to-node=\"4\" data-index-in-node=\"0\">Private Flughafentransfers von und zu den Flugh\u00e4fen AGADIR oder CASABLANCA k\u00f6nnen gegen Aufpreis arrangiert werden.<\/b><\/p><ul data-path-to-node=\"5\"><li><p data-path-to-node=\"5,0,0\"><b data-path-to-node=\"5,0,0\" data-index-in-node=\"0\">Die Transferzeit vom FLUGHAFEN AGADIR ins Stadtzentrum von MARRAKESCH betr\u00e4gt etwa 3 Stunden Fahrt \u00fcber die Autobahn.<\/b><\/p><\/li><li><p data-path-to-node=\"5,1,0\"><b data-path-to-node=\"5,1,0\" data-index-in-node=\"0\">Die Transferzeit vom FLUGHAFEN CASABLANCA ins Stadtzentrum von MARRAKESCH betr\u00e4gt etwa 3 Stunden Fahrt \u00fcber die Autobahn.<\/b><\/p><\/li><\/ul>\t\t\t\t\t\t\t\t<\/div>\n\t\t\t\t<\/div>\n\t\t<div class=\"elementor-element elementor-element-bcbb30a e-con-full e-flex e-con e-child\" data-id=\"bcbb30a\" data-element_type=\"container\" data-e-type=\"container\">\n\t\t\t\t<div class=\"elementor-element elementor-element-6ec3d56 our-facts-img elementor-hidden-mobile at-image-animation at-animation-image-none at-none elementor-widget elementor-widget-image\" data-id=\"6ec3d56\" data-element_type=\"widget\" data-e-type=\"widget\" data-settings=\"{&quot;ekit_we_effect_on&quot;:&quot;none&quot;}\" data-widget_type=\"image.default\">\n\t\t\t\t\t\t\t\t\t\t\t\t\t\t\t<img fetchpriority=\"high\" decoding=\"async\" width=\"539\" height=\"653\" src=\"https:\/\/marrakech-golf-festival.com\/wp-content\/uploads\/2026\/03\/image-88.png\" class=\"attachment-full size-full wp-image-12647\" alt=\"\" srcset=\"https:\/\/marrakech-golf-festival.com\/wp-content\/uploads\/2026\/03\/image-88.png 539w, https:\/\/marrakech-golf-festival.com\/wp-content\/uploads\/2026\/03\/image-88-248x300.png 248w\" sizes=\"(max-width: 539px) 100vw, 539px\" \/>\t\t\t\t\t\t\t\t\t\t\t\t\t\t\t<\/div>\n\t\t\t\t<\/div>\n\t\t\t\t\t<\/div>\n\t\t\t\t<\/div>\n\t\t<div class=\"elementor-element elementor-element-b1ef324 e-flex e-con-boxed e-con e-parent\" data-id=\"b1ef324\" data-element_type=\"container\" data-e-type=\"container\" data-settings=\"{&quot;background_background&quot;:&quot;classic&quot;}\">\n\t\t\t\t\t<div class=\"e-con-inner\">\n\t\t<div class=\"elementor-element elementor-element-36ecfa8 e-con-full elementor-hidden-mobile e-flex e-con e-child\" data-id=\"36ecfa8\" data-element_type=\"container\" data-e-type=\"container\">\n\t\t\t\t<div class=\"elementor-element elementor-element-9c07c63 our-facts-img at-image-animation at-animation-image-none at-none elementor-widget elementor-widget-image\" data-id=\"9c07c63\" data-element_type=\"widget\" data-e-type=\"widget\" data-settings=\"{&quot;ekit_we_effect_on&quot;:&quot;none&quot;}\" data-widget_type=\"image.default\">\n\t\t\t\t\t\t\t\t\t\t\t\t\t\t\t<img decoding=\"async\" width=\"539\" height=\"653\" src=\"https:\/\/marrakech-golf-festival.com\/wp-content\/uploads\/2026\/03\/image-89.png\" class=\"attachment-full size-full wp-image-12665\" alt=\"\" srcset=\"https:\/\/marrakech-golf-festival.com\/wp-content\/uploads\/2026\/03\/image-89.png 539w, https:\/\/marrakech-golf-festival.com\/wp-content\/uploads\/2026\/03\/image-89-248x300.png 248w\" sizes=\"(max-width: 539px) 100vw, 539px\" \/>\t\t\t\t\t\t\t\t\t\t\t\t\t\t\t<\/div>\n\t\t\t\t<\/div>\n\t\t<div class=\"elementor-element elementor-element-0d36214 e-con-full e-flex e-con e-child\" data-id=\"0d36214\" data-element_type=\"container\" data-e-type=\"container\">\n\t\t\t\t<div class=\"elementor-element elementor-element-db36d69 section-title at-heading-animation at-animation-heading-none elementor-invisible elementor-widget elementor-widget-heading\" data-id=\"db36d69\" data-element_type=\"widget\" data-e-type=\"widget\" data-settings=\"{&quot;_animation&quot;:&quot;fadeInUp&quot;,&quot;ekit_we_effect_on&quot;:&quot;none&quot;}\" data-widget_type=\"heading.default\">\n\t\t\t\t\t<h3 class=\"elementor-heading-title elementor-size-default\">OPTION 2<\/h3>\t\t\t\t<\/div>\n\t\t\t\t<div class=\"elementor-element elementor-element-85f9cca at-heading-animation at-animation-heading-style-3 elementor-widget elementor-widget-heading\" data-id=\"85f9cca\" data-element_type=\"widget\" data-e-type=\"widget\" data-settings=\"{&quot;ekit_we_effect_on&quot;:&quot;none&quot;}\" data-widget_type=\"heading.default\">\n\t\t\t\t\t<h2 class=\"elementor-heading-title elementor-size-default\">NAOURA BARRIERE HOTEL 5* Superior\n<\/h2>\t\t\t\t<\/div>\n\t\t\t\t<div class=\"elementor-element elementor-element-e6c0ebf elementor-invisible elementor-widget elementor-widget-text-editor\" data-id=\"e6c0ebf\" data-element_type=\"widget\" data-e-type=\"widget\" data-settings=\"{&quot;_animation&quot;:&quot;fadeInUp&quot;,&quot;_animation_delay&quot;:100,&quot;ekit_we_effect_on&quot;:&quot;none&quot;}\" data-widget_type=\"text-editor.default\">\n\t\t\t\t\t\t\t\t\t<ul><li><p data-path-to-node=\"3,0,0\">Preis pro Golfer: 2095 Euro<\/p><\/li><li><p data-path-to-node=\"3,1,0\">Preis pro Nicht-Golfer: 1735 Euro<\/p><\/li><li><p data-path-to-node=\"3,2,0\">Einzelzimmerzuschlag: 915 Euro<\/p><\/li><\/ul>\t\t\t\t\t\t\t\t<\/div>\n\t\t\t\t<div class=\"elementor-element elementor-element-c1ef1a5 at-heading-animation at-animation-heading-style-3 elementor-widget elementor-widget-heading\" data-id=\"c1ef1a5\" data-element_type=\"widget\" data-e-type=\"widget\" data-settings=\"{&quot;ekit_we_effect_on&quot;:&quot;none&quot;}\" data-widget_type=\"heading.default\">\n\t\t\t\t\t<h2 class=\"elementor-heading-title elementor-size-default\">DER PREIS BEINHALTET (OPTION 2)<\/h2>\t\t\t\t<\/div>\n\t\t\t\t<div class=\"elementor-element elementor-element-0f14d9f elementor-invisible elementor-widget elementor-widget-text-editor\" data-id=\"0f14d9f\" data-element_type=\"widget\" data-e-type=\"widget\" data-settings=\"{&quot;_animation&quot;:&quot;fadeInUp&quot;,&quot;_animation_delay&quot;:100,&quot;ekit_we_effect_on&quot;:&quot;none&quot;}\" data-widget_type=\"text-editor.default\">\n\t\t\t\t\t\t\t\t\t<ul><li><p data-path-to-node=\"6,0,0\">7 \u00dcbernachtungen inklusive Steuern im NAOURA BARRIERE HOTEL<\/p><\/li><li><p data-path-to-node=\"6,1,0\">T\u00e4gliches Fr\u00fchst\u00fccksbuffet<\/p><\/li><li><p data-path-to-node=\"6,2,0\">5 Tage Golfwettbewerb (5 Golfrunden)<\/p><\/li><li><p data-path-to-node=\"6,3,0\">4 Cocktailpartys mit Canap\u00e9s<\/p><\/li><li><p data-path-to-node=\"6,4,0\">\u00bd Tag gef\u00fchrte Stadtrundfahrt durch Marrakesch<\/p><\/li><li><p data-path-to-node=\"6,5,0\">Abendessen mit Show im Restaurant CHEZ ALI<\/p><\/li><li><p data-path-to-node=\"6,6,0\">Golf-Trick-Show von Karsten Maas<\/p><\/li><li><p data-path-to-node=\"6,7,0\">Gala-Abendessen mit Unterhaltungsprogramm &amp; Siegerehrung<\/p><\/li><li><p data-path-to-node=\"6,8,0\">Private Golf-Transfers (Hotel \u2013 Golfplatz \u2013 Hotel)<\/p><\/li><li><p data-path-to-node=\"2,1,0\">Private Flughafentransfers vom und zum Flughafen Marrakesch<\/p><\/li><li><p data-path-to-node=\"2,2,0\">Unsere permanente Betreuung vor Ort in Marrakesch<\/p><\/li><\/ul>\t\t\t\t\t\t\t\t<\/div>\n\t\t\t\t<\/div>\n\t\t\t\t\t<\/div>\n\t\t\t\t<\/div>\n\t\t<div class=\"elementor-element elementor-element-0551014 e-flex e-con-boxed e-con e-parent\" data-id=\"0551014\" data-element_type=\"container\" data-e-type=\"container\" data-settings=\"{&quot;background_background&quot;:&quot;classic&quot;}\">\n\t\t\t\t\t<div class=\"e-con-inner\">\n\t\t<div class=\"elementor-element elementor-element-cde3db8 e-con-full e-flex e-con e-child\" data-id=\"cde3db8\" data-element_type=\"container\" data-e-type=\"container\">\n\t\t\t\t<div class=\"elementor-element elementor-element-e044d65 section-title at-heading-animation at-animation-heading-none elementor-invisible elementor-widget elementor-widget-heading\" data-id=\"e044d65\" data-element_type=\"widget\" data-e-type=\"widget\" data-settings=\"{&quot;_animation&quot;:&quot;fadeInUp&quot;,&quot;ekit_we_effect_on&quot;:&quot;none&quot;}\" data-widget_type=\"heading.default\">\n\t\t\t\t\t<h3 class=\"elementor-heading-title elementor-size-default\">OPTION 3<\/h3>\t\t\t\t<\/div>\n\t\t\t\t<div class=\"elementor-element elementor-element-db94f02 at-heading-animation at-animation-heading-style-3 elementor-widget elementor-widget-heading\" data-id=\"db94f02\" data-element_type=\"widget\" data-e-type=\"widget\" data-settings=\"{&quot;ekit_we_effect_on&quot;:&quot;none&quot;}\" data-widget_type=\"heading.default\">\n\t\t\t\t\t<h2 class=\"elementor-heading-title elementor-size-default\">NUR GREENFEES &amp; RAHMENPROGRAMM<\/h2>\t\t\t\t<\/div>\n\t\t\t\t<div class=\"elementor-element elementor-element-3dce005 at-heading-animation at-animation-heading-style-3 elementor-widget elementor-widget-heading\" data-id=\"3dce005\" data-element_type=\"widget\" data-e-type=\"widget\" data-settings=\"{&quot;ekit_we_effect_on&quot;:&quot;none&quot;}\" data-widget_type=\"heading.default\">\n\t\t\t\t\t<h2 class=\"elementor-heading-title elementor-size-default\">Preis pro Golfer: 995 Euro\n\nPreis pro Nicht-Golfer: 705 Euro<\/h2>\t\t\t\t<\/div>\n\t\t\t\t<div class=\"elementor-element elementor-element-7a05ea2 at-heading-animation at-animation-heading-style-3 elementor-widget elementor-widget-heading\" data-id=\"7a05ea2\" data-element_type=\"widget\" data-e-type=\"widget\" data-settings=\"{&quot;ekit_we_effect_on&quot;:&quot;none&quot;}\" data-widget_type=\"heading.default\">\n\t\t\t\t\t<h2 class=\"elementor-heading-title elementor-size-default\">DER PREIS BEINHALTET (OPTION 3)<\/h2>\t\t\t\t<\/div>\n\t\t\t\t<div class=\"elementor-element elementor-element-151eb9e elementor-invisible elementor-widget elementor-widget-text-editor\" data-id=\"151eb9e\" data-element_type=\"widget\" data-e-type=\"widget\" data-settings=\"{&quot;_animation&quot;:&quot;fadeInUp&quot;,&quot;_animation_delay&quot;:100,&quot;ekit_we_effect_on&quot;:&quot;none&quot;}\" data-widget_type=\"text-editor.default\">\n\t\t\t\t\t\t\t\t\t<ul><li><p data-path-to-node=\"6,0,0\">5 Tage Golfwettbewerb (5 Golfrunden)<\/p><\/li><li><p data-path-to-node=\"6,1,0\">4 Cocktailpartys mit Canap\u00e9s<\/p><\/li><li><p data-path-to-node=\"6,2,0\">Gala-Abendessen mit Unterhaltungsprogramm &amp; Siegerehrung<\/p><\/li><\/ul>\t\t\t\t\t\t\t\t<\/div>\n\t\t\t\t<\/div>\n\t\t<div class=\"elementor-element elementor-element-e7ec579 e-con-full elementor-hidden-mobile e-flex e-con e-child\" data-id=\"e7ec579\" data-element_type=\"container\" data-e-type=\"container\">\n\t\t\t\t<div class=\"elementor-element elementor-element-649f932 our-facts-img at-image-animation at-animation-image-none at-none elementor-widget elementor-widget-image\" data-id=\"649f932\" data-element_type=\"widget\" data-e-type=\"widget\" data-settings=\"{&quot;ekit_we_effect_on&quot;:&quot;none&quot;}\" data-widget_type=\"image.default\">\n\t\t\t\t\t\t\t\t\t\t\t\t\t\t\t<img decoding=\"async\" width=\"539\" height=\"653\" src=\"https:\/\/marrakech-golf-festival.com\/wp-content\/uploads\/2026\/03\/image-90.png\" class=\"attachment-full size-full wp-image-12684\" alt=\"\" srcset=\"https:\/\/marrakech-golf-festival.com\/wp-content\/uploads\/2026\/03\/image-90.png 539w, https:\/\/marrakech-golf-festival.com\/wp-content\/uploads\/2026\/03\/image-90-248x300.png 248w\" sizes=\"(max-width: 539px) 100vw, 539px\" \/>\t\t\t\t\t\t\t\t\t\t\t\t\t\t\t<\/div>\n\t\t\t\t<\/div>\n\t\t\t\t\t<\/div>\n\t\t\t\t<\/div>\n\t\t\t\t<\/div>\n\t\t","protected":false},"excerpt":{"rendered":"<p>PREISE Home OPTION 1 MOVENPICK MANSOUR EDDAHBI HOTEL 5* Preis pro Golfer: [&hellip;]<\/p>\n","protected":false},"author":1,"featured_media":0,"parent":0,"menu_order":0,"comment_status":"closed","ping_status":"closed","template":"elementor_header_footer","meta":{"footnotes":""},"class_list":["post-12944","page","type-page","status-publish","hentry"],"_links":{"self":[{"href":"https:\/\/marrakech-golf-festival.com\/de\/wp-json\/wp\/v2\/pages\/12944","targetHints":{"allow":["GET"]}}],"collection":[{"href":"https:\/\/marrakech-golf-festival.com\/de\/wp-json\/wp\/v2\/pages"}],"about":[{"href":"https:\/\/marrakech-golf-festival.com\/de\/wp-json\/wp\/v2\/types\/page"}],"author":[{"embeddable":true,"href":"https:\/\/marrakech-golf-festival.com\/de\/wp-json\/wp\/v2\/users\/1"}],"replies":[{"embeddable":true,"href":"https:\/\/marrakech-golf-festival.com\/de\/wp-json\/wp\/v2\/comments?post=12944"}],"version-history":[{"count":7,"href":"https:\/\/marrakech-golf-festival.com\/de\/wp-json\/wp\/v2\/pages\/12944\/revisions"}],"predecessor-version":[{"id":12987,"href":"https:\/\/marrakech-golf-festival.com\/de\/wp-json\/wp\/v2\/pages\/12944\/revisions\/12987"}],"wp:attachment":[{"href":"https:\/\/marrakech-golf-festival.com\/de\/wp-json\/wp\/v2\/media?parent=12944"}],"curies":[{"name":"wp","href":"https:\/\/api.w.org\/{rel}","templated":true}]}}