{"id":12945,"date":"2025-04-08T05:30:28","date_gmt":"2025-04-08T05:30:28","guid":{"rendered":"https:\/\/marrakech-golf-festival.com\/programme\/"},"modified":"2026-05-14T15:31:13","modified_gmt":"2026-05-14T15:31:13","slug":"programme","status":"publish","type":"page","link":"https:\/\/marrakech-golf-festival.com\/de\/programme\/","title":{"rendered":"PROGRAMM"},"content":{"rendered":"\t\t<div data-elementor-type=\"wp-page\" data-elementor-id=\"12945\" class=\"elementor elementor-12945\">\n\t\t\t\t<div class=\"elementor-element elementor-element-ea3bf3b e-flex e-con-boxed e-con e-parent\" data-id=\"ea3bf3b\" data-element_type=\"container\" data-e-type=\"container\">\n\t\t\t\t\t<div class=\"e-con-inner\">\n\t\t<div data-ekitparallax=\"{&quot;ekit_section_parallax_bg&quot;:&quot;yes&quot;,&quot;ekit_section_parallax_bg_speed&quot;:0.5,&quot;elementor_lazy_load&quot;:&quot;1&quot;}\" class=\"elementor-element elementor-element-644ff70 border-radius-section page-header-section e-flex e-con-boxed e-con e-child\" data-id=\"644ff70\" data-element_type=\"container\" data-e-type=\"container\" data-settings=\"{&quot;background_background&quot;:&quot;classic&quot;}\">\n\t\t\t\t\t<div class=\"e-con-inner\">\n\t\t<div class=\"elementor-element elementor-element-d2900ab e-con-full e-flex e-con e-child\" data-id=\"d2900ab\" data-element_type=\"container\" data-e-type=\"container\">\n\t\t\t\t<div class=\"elementor-element elementor-element-26e94d2 at-heading-animation at-animation-heading-style-3 elementor-widget elementor-widget-heading\" data-id=\"26e94d2\" data-element_type=\"widget\" data-e-type=\"widget\" data-settings=\"{&quot;ekit_we_effect_on&quot;:&quot;none&quot;}\" data-widget_type=\"heading.default\">\n\t\t\t\t\t<h1 class=\"elementor-heading-title elementor-size-default\">PROGRAMM<\/h1>\t\t\t\t<\/div>\n\t\t\t\t<div class=\"elementor-element elementor-element-14da9dc elementor-invisible elementor-widget elementor-widget-golfex-breadcrumb\" data-id=\"14da9dc\" data-element_type=\"widget\" data-e-type=\"widget\" data-settings=\"{&quot;_animation&quot;:&quot;fadeInUp&quot;,&quot;ekit_we_effect_on&quot;:&quot;none&quot;}\" data-widget_type=\"golfex-breadcrumb.default\">\n\t\t\t\t<div class=\"elementor-widget-container\">\n\t\t\t\t\t<div role=\"navigation\" aria-label=\"Breadcrumbs\" class=\"breadcrumb-trail breadcrumbs\"><ol class=\"trail-items\"><li class=\"trail-item trail-begin\"><a href=\"https:\/\/marrakech-golf-festival.com\/de\/\" rel=\"home\"><span>Home<\/span><\/a><\/li><li class=\"trail-item trail-end\"><span><span>PROGRAMM<\/span><\/span><\/li><\/ol><\/div>\t\t\t\t<\/div>\n\t\t\t\t<\/div>\n\t\t\t\t<\/div>\n\t\t\t\t\t<\/div>\n\t\t\t\t<\/div>\n\t\t\t\t\t<\/div>\n\t\t\t\t<\/div>\n\t\t<div class=\"elementor-element elementor-element-cf98b1f e-flex e-con-boxed e-con e-parent\" data-id=\"cf98b1f\" data-element_type=\"container\" data-e-type=\"container\">\n\t\t\t\t\t<div class=\"e-con-inner\">\n\t\t\t\t<div class=\"elementor-element elementor-element-2907576 elementor-widget elementor-widget-timeline-widget-addon\" data-id=\"2907576\" data-element_type=\"widget\" data-e-type=\"widget\" data-settings=\"{&quot;ekit_we_effect_on&quot;:&quot;none&quot;}\" data-widget_type=\"timeline-widget-addon.default\">\n\t\t\t\t<div class=\"elementor-widget-container\">\n\t\t\t\t\t<!-- ========= Timeline Widget Addon For Elementor 1.6.24 ========= -->\n<div id=\"twae-wrapper-2907576\" class=\"twae-vertical twae-wrapper  twae-both-sided\">   \n    <div class=\"twae-start\"><\/div>    \n    <div id=\"twea-timeline-2907576\" class=\"twae-timeline\" ><!-- Start of Story Repeater Content --><div id=\"story-1fbcc87\" class=\"twae-story twae-repeater-item twae-story-right twae-story-no-icon\"><!-- Story Label --><div class=\"twae-labels\"><div class=\"twae-label-big\">Sonntag, 29. November 2026<\/div><\/div><!-- Story Icon --><div class=\"twae-icon\"><i aria-hidden=\"true\" class=\"far fa-clock\"><\/i><\/div><!-- Story Arrow --><div class=\"twae-arrow\"><\/div><!-- Start of Story Content --><div class=\"twae-content\"><!-- Story Image --><div class=\"twae-media full\"><img fetchpriority=\"high\" decoding=\"async\" width=\"675\" height=\"505\" src=\"https:\/\/marrakech-golf-festival.com\/wp-content\/uploads\/2026\/03\/chart.png\" class=\"attachment-full size-full\" alt=\"\" srcset=\"https:\/\/marrakech-golf-festival.com\/wp-content\/uploads\/2026\/03\/chart.png 675w, https:\/\/marrakech-golf-festival.com\/wp-content\/uploads\/2026\/03\/chart-300x224.png 300w\" sizes=\"(max-width: 675px) 100vw, 675px\" \/><\/div><!-- Story Description --><div class=\"twae-description\"><ul><li><p data-path-to-node=\"3,0,0\">Ankunft am Flughafen MARRAKESCH \u2013 Meet &amp; Greet<\/p><\/li><li><p data-path-to-node=\"3,1,0\">Private Transfers zum Hotel<\/p><\/li><li><p data-path-to-node=\"3,2,0\">Check-in &amp; \u00dcbernachtung im Hotel<\/p><\/li><\/ul><\/div><\/div><\/div><!-- Start of Story Repeater Content --><div id=\"story-57ee0cc\" class=\"twae-story twae-repeater-item twae-story-left twae-story-no-icon\"><!-- Story Label --><div class=\"twae-labels\"><div class=\"twae-label-big\">Montag, 30. November 2026<\/div><\/div><!-- Story Icon --><div class=\"twae-icon\"><i aria-hidden=\"true\" class=\"far fa-clock\"><\/i><\/div><!-- Story Arrow --><div class=\"twae-arrow\"><\/div><!-- Start of Story Content --><div class=\"twae-content\"><!-- Story Title --><div class=\"twae-title\">\u201cBELIVE HOTELS MARRAKECH GOLF TROPHY\u201d<\/div><!-- Story Image --><div class=\"twae-media full\"><img decoding=\"async\" width=\"675\" height=\"505\" src=\"https:\/\/marrakech-golf-festival.com\/wp-content\/uploads\/2026\/03\/chart-1.png\" class=\"attachment-full size-full\" alt=\"\" srcset=\"https:\/\/marrakech-golf-festival.com\/wp-content\/uploads\/2026\/03\/chart-1.png 675w, https:\/\/marrakech-golf-festival.com\/wp-content\/uploads\/2026\/03\/chart-1-300x224.png 300w\" sizes=\"(max-width: 675px) 100vw, 675px\" \/><\/div><!-- Story Description --><div class=\"twae-description\"><p data-path-to-node=\"3,0,0\">Fr\u00fchst\u00fcck im Hotel<\/p><p data-path-to-node=\"3,1,0\">08:00 Uhr = Privater Transfer zum PALMGOLF OURIKA GOLF CLUB<\/p><p data-path-to-node=\"3,2,0\">09:00 Uhr KANONENSTART (SHOT GUN)<\/p><p data-path-to-node=\"3,3,0\">Golf-Trick-Show von PGA-Pro KARSTEN MAAS<\/p><p data-path-to-node=\"3,4,0\">Cocktailparty von BE LIVE HOTELS MARRAKECH<\/p><p data-path-to-node=\"3,5,0\">Siegerehrung f\u00fcr die Gewinner der \u201eBE LIVE HOTELS MARRAKECH GOLF TROPHY\u201c + Gewinner der Wettbewerbe \u201eNearest to the Pin\u201c und \u201eLongest Drive\u201c<\/p><p data-path-to-node=\"3,6,0\">Privater Transfer zum Hotel<\/p><p data-path-to-node=\"3,7,0\">\u00dcbernachtung im Hotel<\/p><\/div><\/div><\/div><!-- Start of Story Repeater Content --><div id=\"story-71aadc7\" class=\"twae-story twae-repeater-item twae-story-right twae-story-no-icon\"><!-- Story Label --><div class=\"twae-labels\"><div class=\"twae-label-big\">Dienstag, 1. Dezember 2026<\/div><\/div><!-- Story Icon --><div class=\"twae-icon\"><i aria-hidden=\"true\" class=\"far fa-clock\"><\/i><\/div><!-- Story Arrow --><div class=\"twae-arrow\"><\/div><!-- Start of Story Content --><div class=\"twae-content\"><!-- Story Title --><div class=\"twae-title\">\u201cPICKALBATROS MARRAKECH GOLF TROPHY\u201d<\/div><!-- Story Image --><div class=\"twae-media full\"><img decoding=\"async\" width=\"675\" height=\"505\" src=\"https:\/\/marrakech-golf-festival.com\/wp-content\/uploads\/2026\/03\/chart-2.png\" class=\"attachment-full size-full\" alt=\"\" srcset=\"https:\/\/marrakech-golf-festival.com\/wp-content\/uploads\/2026\/03\/chart-2.png 675w, https:\/\/marrakech-golf-festival.com\/wp-content\/uploads\/2026\/03\/chart-2-300x224.png 300w\" sizes=\"(max-width: 675px) 100vw, 675px\" \/><\/div><!-- Story Description --><div class=\"twae-description\"><p data-path-to-node=\"3,0,0\">Fr\u00fchst\u00fcck im Hotel<\/p><p data-path-to-node=\"3,1,0\">08:00 Uhr = Privater Transfer zum PALMERAIE GOLF CLUB<\/p><p data-path-to-node=\"3,2,0\">Abschlagzeit um 09:00 Uhr<\/p><p data-path-to-node=\"3,3,0\">Cocktailparty von PICKALBATROS HOTEL DU GOLF<\/p><p data-path-to-node=\"3,4,0\">Siegerehrung f\u00fcr die Gewinner der \u201ePICKALBATROS MARRAKECH GOLF TROPHY\u201c + Gewinner der Wettbewerbe \u201eNearest to the Pin\u201c und \u201eLongest Drive\u201c<\/p><p data-path-to-node=\"3,5,0\">Privater Transfer zum Hotel<\/p><p data-path-to-node=\"3,6,0\">\u00dcbernachtung im Hotel<\/p><\/div><\/div><\/div><!-- Start of Story Repeater Content --><div id=\"story-7c9b6c6\" class=\"twae-story twae-repeater-item twae-story-left twae-story-no-icon\"><!-- Story Label --><div class=\"twae-labels\"><div class=\"twae-label-big\">Mittwoch, 2. Dezember 2026<\/div><\/div><!-- Story Icon --><div class=\"twae-icon\"><i aria-hidden=\"true\" class=\"far fa-clock\"><\/i><\/div><!-- Story Arrow --><div class=\"twae-arrow\"><\/div><!-- Start of Story Content --><div class=\"twae-content\"><!-- Story Title --><div class=\"twae-title\">\u201cNAOURA BARRIERE MARRAKECH GOLF TROPHY\u201d<\/div><!-- Story Image --><div class=\"twae-media full\"><img loading=\"lazy\" decoding=\"async\" width=\"675\" height=\"505\" src=\"https:\/\/marrakech-golf-festival.com\/wp-content\/uploads\/2026\/03\/chart-3.png\" class=\"attachment-full size-full\" alt=\"\" srcset=\"https:\/\/marrakech-golf-festival.com\/wp-content\/uploads\/2026\/03\/chart-3.png 675w, https:\/\/marrakech-golf-festival.com\/wp-content\/uploads\/2026\/03\/chart-3-300x224.png 300w\" sizes=\"(max-width: 675px) 100vw, 675px\" \/><\/div><!-- Story Description --><div class=\"twae-description\"><p data-path-to-node=\"1,0,0\">Fr\u00fchst\u00fcck im Hotel<\/p><p data-path-to-node=\"1,1,0\">08:00 Uhr = Privater Transfer zum NORIA GOLF CLUB<\/p><p data-path-to-node=\"1,2,0\">Erste Abschlagzeit um 09:00 Uhr<\/p><p data-path-to-node=\"1,3,0\">Cocktailparty mit Canap\u00e9s von NAOURA BARRIERE HOTEL im Clubhaus des Golfclubs<\/p><p data-path-to-node=\"1,4,0\">Siegerehrung f\u00fcr die Gewinner der \u201eNAOURA BARRIERE MARRAKECH GOLF TROPHY\u201c + Gewinner der Wettbewerbe \u201eNearest to the Pin\u201c und \u201eLongest Drive\u201c<\/p><p data-path-to-node=\"1,5,0\">19:30 Uhr: Privater Transfer vom Hotel zum Restaurant CHEZ ALI<\/p><p data-path-to-node=\"1,6,0\">Abendessen mit Show (Getr\u00e4nke nicht inbegriffen)<\/p><p data-path-to-node=\"1,7,0\">Privater Transfer zum Hotel<\/p><p data-path-to-node=\"1,8,0\">\u00dcbernachtung im Hotel<\/p><\/div><\/div><\/div><!-- Start of Story Repeater Content --><div id=\"story-868ef5a\" class=\"twae-story twae-repeater-item twae-story-right twae-story-no-icon\"><!-- Story Label --><div class=\"twae-labels\"><div class=\"twae-label-big\">Donnerstag, 3. Dezember 2026<\/div><\/div><!-- Story Icon --><div class=\"twae-icon\"><i aria-hidden=\"true\" class=\"far fa-clock\"><\/i><\/div><!-- Story Arrow --><div class=\"twae-arrow\"><\/div><!-- Start of Story Content --><div class=\"twae-content\"><!-- Story Image --><div class=\"twae-media full\"><img loading=\"lazy\" decoding=\"async\" width=\"675\" height=\"505\" src=\"https:\/\/marrakech-golf-festival.com\/wp-content\/uploads\/2026\/03\/chart-4.png\" class=\"attachment-full size-full\" alt=\"\" srcset=\"https:\/\/marrakech-golf-festival.com\/wp-content\/uploads\/2026\/03\/chart-4.png 675w, https:\/\/marrakech-golf-festival.com\/wp-content\/uploads\/2026\/03\/chart-4-300x224.png 300w\" sizes=\"(max-width: 675px) 100vw, 675px\" \/><\/div><!-- Story Description --><div class=\"twae-description\"><p>Fr\u00fchst\u00fcck im Hotel<\/p><p>15:00 Uhr: Halbt\u00e4gige gef\u00fchrte Stadtbesichtigung von Marrakesch, einschlie\u00dflich MEDINA, SOUKS &amp; DJEMAA EL FNA PLATZ<\/p><p>Privater Transfer zum Hotel<\/p><p>\u00dcbernachtung im Hotel<\/p><\/div><\/div><\/div><!-- Start of Story Repeater Content --><div id=\"story-e3e782a\" class=\"twae-story twae-repeater-item twae-story-left twae-story-no-icon\"><!-- Story Label --><div class=\"twae-labels\"><div class=\"twae-label-big\">Freitag, 4. Dezember 2026<\/div><\/div><!-- Story Icon --><div class=\"twae-icon\"><i aria-hidden=\"true\" class=\"far fa-clock\"><\/i><\/div><!-- Story Arrow --><div class=\"twae-arrow\"><\/div><!-- Start of Story Content --><div class=\"twae-content\"><!-- Story Image --><div class=\"twae-media full\"><img loading=\"lazy\" decoding=\"async\" width=\"675\" height=\"505\" src=\"https:\/\/marrakech-golf-festival.com\/wp-content\/uploads\/2026\/03\/chart-5.png\" class=\"attachment-full size-full\" alt=\"\" srcset=\"https:\/\/marrakech-golf-festival.com\/wp-content\/uploads\/2026\/03\/chart-5.png 675w, https:\/\/marrakech-golf-festival.com\/wp-content\/uploads\/2026\/03\/chart-5-300x224.png 300w\" sizes=\"(max-width: 675px) 100vw, 675px\" \/><\/div><!-- Story Description --><div class=\"twae-description\"><p data-path-to-node=\"3,0,0\">Fr\u00fchst\u00fcck im Hotel<\/p><p data-path-to-node=\"3,1,0\">08:15 Uhr = Privater Transfer zum AMELKIS GOLF CLUB<\/p><p data-path-to-node=\"3,2,0\">09:00 Uhr KANONENSTART (SHOTGUN)<\/p><p data-path-to-node=\"3,3,0\">Privater Transfer zum Hotel<\/p><p data-path-to-node=\"3,4,0\">\u00dcbernachtung im Hotel<\/p><\/div><\/div><\/div><!-- Start of Story Repeater Content --><div id=\"story-a214697\" class=\"twae-story twae-repeater-item twae-story-right twae-story-no-icon\"><!-- Story Label --><div class=\"twae-labels\"><div class=\"twae-label-big\">Samstag, 5. Dezember 2026<\/div><\/div><!-- Story Icon --><div class=\"twae-icon\"><i aria-hidden=\"true\" class=\"far fa-clock\"><\/i><\/div><!-- Story Arrow --><div class=\"twae-arrow\"><\/div><!-- Start of Story Content --><div class=\"twae-content\"><!-- Story Title --><div class=\"twae-title\">\u201cMOVENPICK GOLF CUP\u201d <\/div><!-- Story Image --><div class=\"twae-media full\"><img loading=\"lazy\" decoding=\"async\" width=\"675\" height=\"505\" src=\"https:\/\/marrakech-golf-festival.com\/wp-content\/uploads\/2026\/03\/chart-6.png\" class=\"attachment-full size-full\" alt=\"\" srcset=\"https:\/\/marrakech-golf-festival.com\/wp-content\/uploads\/2026\/03\/chart-6.png 675w, https:\/\/marrakech-golf-festival.com\/wp-content\/uploads\/2026\/03\/chart-6-300x224.png 300w\" sizes=\"(max-width: 675px) 100vw, 675px\" \/><\/div><!-- Story Description --><div class=\"twae-description\"><p data-path-to-node=\"1,0,0\">Fr\u00fchst\u00fcck im Hotel<\/p><p data-path-to-node=\"1,1,0\">08:00 Uhr = Privater Transfer zum AKENZA GOLF CLUB<\/p><p data-path-to-node=\"1,2,0\">Erste Abschlagzeit um 09:00 Uhr<\/p><p data-path-to-node=\"1,3,0\">Cocktailparty mit Canap\u00e9s von MOVENPICK HOTEL MANSOUR EDDAHBI im Clubhaus des Golfclubs<\/p><p data-path-to-node=\"1,4,0\">Gala-Abendessen &amp; Siegerehrung f\u00fcr beide Veranstaltungen \u201eMOVENPICK CUP &amp; MARRAKECH GOLF FESTIVAL\u201c<\/p><p data-path-to-node=\"1,5,0\">\u00dcbernachtung im Hotel<\/p><\/div><\/div><\/div><!-- Start of Story Repeater Content --><div id=\"story-aef59da\" class=\"twae-story twae-repeater-item twae-story-left twae-story-no-icon\"><!-- Story Label --><div class=\"twae-labels\"><div class=\"twae-label-big\">Sonntag, 6. Dezember 2026<\/div><\/div><!-- Story Icon --><div class=\"twae-icon\"><i aria-hidden=\"true\" class=\"far fa-clock\"><\/i><\/div><!-- Story Arrow --><div class=\"twae-arrow\"><\/div><!-- Start of Story Content --><div class=\"twae-content\"><!-- Story Image --><div class=\"twae-media full\"><img loading=\"lazy\" decoding=\"async\" width=\"675\" height=\"505\" src=\"https:\/\/marrakech-golf-festival.com\/wp-content\/uploads\/2026\/03\/chart-7.png\" class=\"attachment-full size-full\" alt=\"\" srcset=\"https:\/\/marrakech-golf-festival.com\/wp-content\/uploads\/2026\/03\/chart-7.png 675w, https:\/\/marrakech-golf-festival.com\/wp-content\/uploads\/2026\/03\/chart-7-300x224.png 300w\" sizes=\"(max-width: 675px) 100vw, 675px\" \/><\/div><!-- Story Description --><div class=\"twae-description\"><p data-path-to-node=\"3,0,0\">Private Transfers zum Flughafen MARRAKESCH<\/p><\/div><\/div><\/div><\/div>\n    <div class=\"twae-end\"><\/div>\n    <\/div><style type=\"text\/css\">@media (max-width: 1024px){ .twae-wrapper{--tw-ybx-size: 80px !important;}}@media (max-width: 767px){ .twae-wrapper{--tw-ybx-size: 80px !important}}<\/style>\t\t\t\t<\/div>\n\t\t\t\t<\/div>\n\t\t\t\t\t<\/div>\n\t\t\t\t<\/div>\n\t\t\t\t<\/div>\n\t\t","protected":false},"excerpt":{"rendered":"<p>PROGRAMM Home Sonntag, 29. November 2026 Ankunft am Flughafen MARRAKESCH \u2013 Meet [&hellip;]<\/p>\n","protected":false},"author":1,"featured_media":0,"parent":0,"menu_order":0,"comment_status":"closed","ping_status":"closed","template":"elementor_header_footer","meta":{"footnotes":""},"class_list":["post-12945","page","type-page","status-publish","hentry"],"_links":{"self":[{"href":"https:\/\/marrakech-golf-festival.com\/de\/wp-json\/wp\/v2\/pages\/12945","targetHints":{"allow":["GET"]}}],"collection":[{"href":"https:\/\/marrakech-golf-festival.com\/de\/wp-json\/wp\/v2\/pages"}],"about":[{"href":"https:\/\/marrakech-golf-festival.com\/de\/wp-json\/wp\/v2\/types\/page"}],"author":[{"embeddable":true,"href":"https:\/\/marrakech-golf-festival.com\/de\/wp-json\/wp\/v2\/users\/1"}],"replies":[{"embeddable":true,"href":"https:\/\/marrakech-golf-festival.com\/de\/wp-json\/wp\/v2\/comments?post=12945"}],"version-history":[{"count":4,"href":"https:\/\/marrakech-golf-festival.com\/de\/wp-json\/wp\/v2\/pages\/12945\/revisions"}],"predecessor-version":[{"id":12988,"href":"https:\/\/marrakech-golf-festival.com\/de\/wp-json\/wp\/v2\/pages\/12945\/revisions\/12988"}],"wp:attachment":[{"href":"https:\/\/marrakech-golf-festival.com\/de\/wp-json\/wp\/v2\/media?parent=12945"}],"curies":[{"name":"wp","href":"https:\/\/api.w.org\/{rel}","templated":true}]}}