{"id":10823,"date":"2025-04-08T05:30:28","date_gmt":"2025-04-08T05:30:28","guid":{"rendered":"https:\/\/marrakech-golf-festival.com\/programme\/"},"modified":"2026-04-02T17:32:20","modified_gmt":"2026-04-02T17:32:20","slug":"programme","status":"publish","type":"page","link":"https:\/\/marrakech-golf-festival.com\/es\/programme\/","title":{"rendered":"PROGRAMME"},"content":{"rendered":"\t\t<div data-elementor-type=\"wp-page\" data-elementor-id=\"10823\" class=\"elementor elementor-10823\">\n\t\t\t\t<div class=\"elementor-element elementor-element-ea3bf3b e-flex e-con-boxed e-con e-parent\" data-id=\"ea3bf3b\" data-element_type=\"container\" data-e-type=\"container\">\n\t\t\t\t\t<div class=\"e-con-inner\">\n\t\t<div data-ekitparallax=\"{&quot;ekit_section_parallax_bg&quot;:&quot;yes&quot;,&quot;ekit_section_parallax_bg_speed&quot;:0.5,&quot;elementor_lazy_load&quot;:&quot;1&quot;}\" class=\"elementor-element elementor-element-644ff70 border-radius-section page-header-section e-flex e-con-boxed e-con e-child\" data-id=\"644ff70\" data-element_type=\"container\" data-e-type=\"container\" data-settings=\"{&quot;background_background&quot;:&quot;classic&quot;}\">\n\t\t\t\t\t<div class=\"e-con-inner\">\n\t\t<div class=\"elementor-element elementor-element-d2900ab e-con-full e-flex e-con e-child\" data-id=\"d2900ab\" data-element_type=\"container\" data-e-type=\"container\">\n\t\t\t\t<div class=\"elementor-element elementor-element-26e94d2 at-heading-animation at-animation-heading-style-3 elementor-widget elementor-widget-heading\" data-id=\"26e94d2\" data-element_type=\"widget\" data-e-type=\"widget\" data-settings=\"{&quot;ekit_we_effect_on&quot;:&quot;none&quot;}\" data-widget_type=\"heading.default\">\n\t\t\t\t\t<h1 class=\"elementor-heading-title elementor-size-default\">PROGRAMME<\/h1>\t\t\t\t<\/div>\n\t\t\t\t<div class=\"elementor-element elementor-element-14da9dc elementor-invisible elementor-widget elementor-widget-golfex-breadcrumb\" data-id=\"14da9dc\" data-element_type=\"widget\" data-e-type=\"widget\" data-settings=\"{&quot;_animation&quot;:&quot;fadeInUp&quot;,&quot;ekit_we_effect_on&quot;:&quot;none&quot;}\" data-widget_type=\"golfex-breadcrumb.default\">\n\t\t\t\t<div class=\"elementor-widget-container\">\n\t\t\t\t\t<div role=\"navigation\" aria-label=\"Breadcrumbs\" class=\"breadcrumb-trail breadcrumbs\"><ol class=\"trail-items\"><li class=\"trail-item trail-begin\"><a href=\"https:\/\/marrakech-golf-festival.com\/es\/\" rel=\"home\"><span>Home<\/span><\/a><\/li><li class=\"trail-item trail-end\"><span><span>PROGRAMME<\/span><\/span><\/li><\/ol><\/div>\t\t\t\t<\/div>\n\t\t\t\t<\/div>\n\t\t\t\t<\/div>\n\t\t\t\t\t<\/div>\n\t\t\t\t<\/div>\n\t\t\t\t\t<\/div>\n\t\t\t\t<\/div>\n\t\t<div class=\"elementor-element elementor-element-cf98b1f e-flex e-con-boxed e-con e-parent\" data-id=\"cf98b1f\" data-element_type=\"container\" data-e-type=\"container\">\n\t\t\t\t\t<div class=\"e-con-inner\">\n\t\t\t\t<div class=\"elementor-element elementor-element-2907576 elementor-widget elementor-widget-timeline-widget-addon\" data-id=\"2907576\" data-element_type=\"widget\" data-e-type=\"widget\" data-settings=\"{&quot;ekit_we_effect_on&quot;:&quot;none&quot;}\" data-widget_type=\"timeline-widget-addon.default\">\n\t\t\t\t<div class=\"elementor-widget-container\">\n\t\t\t\t\t<!-- ========= Timeline Widget Addon For Elementor 1.6.24 ========= -->\n<div id=\"twae-wrapper-2907576\" class=\"twae-vertical twae-wrapper  twae-both-sided\">   \n    <div class=\"twae-start\"><\/div>    \n    <div id=\"twea-timeline-2907576\" class=\"twae-timeline\" ><!-- Start of Story Repeater Content --><div id=\"story-1fbcc87\" class=\"twae-story twae-repeater-item twae-story-right twae-story-no-icon\"><!-- Story Label --><div class=\"twae-labels\"><div class=\"twae-label-big\">Domingo: 29 de Noviembre de 2026<\/div><\/div><!-- Story Icon --><div class=\"twae-icon\"><i aria-hidden=\"true\" class=\"far fa-clock\"><\/i><\/div><!-- Story Arrow --><div class=\"twae-arrow\"><\/div><!-- Start of Story Content --><div class=\"twae-content\"><!-- Story Image --><div class=\"twae-media full\"><img fetchpriority=\"high\" decoding=\"async\" width=\"675\" height=\"505\" src=\"https:\/\/marrakech-golf-festival.com\/wp-content\/uploads\/2026\/03\/chart.png\" class=\"attachment-full size-full\" alt=\"\" srcset=\"https:\/\/marrakech-golf-festival.com\/wp-content\/uploads\/2026\/03\/chart.png 675w, https:\/\/marrakech-golf-festival.com\/wp-content\/uploads\/2026\/03\/chart-300x224.png 300w\" sizes=\"(max-width: 675px) 100vw, 675px\" \/><\/div><!-- Story Description --><div class=\"twae-description\"><p>Llegadas al Aeropuerto de MARRAKECH \u2013 Recepci\u00f3n y bienvenida<br \/>Traslados privados al hotel<br \/>Registro y pernoctaci\u00f3n en el hotel<\/p><\/div><\/div><\/div><!-- Start of Story Repeater Content --><div id=\"story-57ee0cc\" class=\"twae-story twae-repeater-item twae-story-left twae-story-no-icon\"><!-- Story Label --><div class=\"twae-labels\"><div class=\"twae-label-big\">Lunes: 30 de Noviembre de 2026<\/div><\/div><!-- Story Icon --><div class=\"twae-icon\"><i aria-hidden=\"true\" class=\"far fa-clock\"><\/i><\/div><!-- Story Arrow --><div class=\"twae-arrow\"><\/div><!-- Start of Story Content --><div class=\"twae-content\"><!-- Story Title --><div class=\"twae-title\">\u201cTROFEO DE GOLF BE LIVE HOTELS MARRAKECH\u201d<\/div><!-- Story Image --><div class=\"twae-media full\"><img decoding=\"async\" width=\"675\" height=\"505\" src=\"https:\/\/marrakech-golf-festival.com\/wp-content\/uploads\/2026\/03\/chart-1.png\" class=\"attachment-full size-full\" alt=\"\" srcset=\"https:\/\/marrakech-golf-festival.com\/wp-content\/uploads\/2026\/03\/chart-1.png 675w, https:\/\/marrakech-golf-festival.com\/wp-content\/uploads\/2026\/03\/chart-1-300x224.png 300w\" sizes=\"(max-width: 675px) 100vw, 675px\" \/><\/div><!-- Story Description --><div class=\"twae-description\"><p>Desayuno en el hotel\u00a0<\/p><p>08:00 = Traslado privado al PALMGOLF OURIKAGOLF CLUB<\/p><p>09:00 SHOTGUN Espect\u00e1culo de trucos de golf por el profesional PGA KARSTEN MAAS Fiesta de c\u00f3ctel por BE LIVE HOTELS MARRAKECH Ceremonia de entrega de premios para los ganadores del TROFEO DE GOLF BE LIVE HOTELS MARRAKECH + ganadores de los concursos Nearest to the Pin y Longest Drive.<\/p><p>Traslado privado al hotel Pernoctaci\u00f3n en el hotel<\/p><\/div><\/div><\/div><!-- Start of Story Repeater Content --><div id=\"story-71aadc7\" class=\"twae-story twae-repeater-item twae-story-right twae-story-no-icon\"><!-- Story Label --><div class=\"twae-labels\"><div class=\"twae-label-big\">Martes: 1 de Diciembre de 2026<\/div><\/div><!-- Story Icon --><div class=\"twae-icon\"><i aria-hidden=\"true\" class=\"far fa-clock\"><\/i><\/div><!-- Story Arrow --><div class=\"twae-arrow\"><\/div><!-- Start of Story Content --><div class=\"twae-content\"><!-- Story Title --><div class=\"twae-title\">\u201cTROFEO DE GOLF PICKALBATROS MARRAKECH\u201d<\/div><!-- Story Image --><div class=\"twae-media full\"><img decoding=\"async\" width=\"675\" height=\"505\" src=\"https:\/\/marrakech-golf-festival.com\/wp-content\/uploads\/2026\/03\/chart-2.png\" class=\"attachment-full size-full\" alt=\"\" srcset=\"https:\/\/marrakech-golf-festival.com\/wp-content\/uploads\/2026\/03\/chart-2.png 675w, https:\/\/marrakech-golf-festival.com\/wp-content\/uploads\/2026\/03\/chart-2-300x224.png 300w\" sizes=\"(max-width: 675px) 100vw, 675px\" \/><\/div><!-- Story Description --><div class=\"twae-description\"><p>Desayuno en el hotel<\/p><p>08:00 = Traslado privado al PALMERAIE GOLF CLUB<br \/>Tee Time a las 09:00<br \/>Fiesta de c\u00f3ctel por PICKALBATROS HOTEL DU GOLF<br \/>Ceremonia de entrega de premios para los ganadores del TROFEO DE GOLF PICKALBATROS MARRAKECH + ganadores de los concursos Nearest to the Pin y Longest Drive.\u00a0<br \/>Traslado privado al hotel<br \/>Pernoctaci\u00f3n en el hotel<\/p><\/div><\/div><\/div><!-- Start of Story Repeater Content --><div id=\"story-7c9b6c6\" class=\"twae-story twae-repeater-item twae-story-left twae-story-no-icon\"><!-- Story Label --><div class=\"twae-labels\"><div class=\"twae-label-big\">Mi\u00e9rcoles: 2 de Diciembre de 2026<\/div><\/div><!-- Story Icon --><div class=\"twae-icon\"><i aria-hidden=\"true\" class=\"far fa-clock\"><\/i><\/div><!-- Story Arrow --><div class=\"twae-arrow\"><\/div><!-- Start of Story Content --><div class=\"twae-content\"><!-- Story Title --><div class=\"twae-title\">Mi\u00e9rcoles: 2 de Diciembre de 2026<\/div><!-- Story Image --><div class=\"twae-media full\"><img loading=\"lazy\" decoding=\"async\" width=\"675\" height=\"505\" src=\"https:\/\/marrakech-golf-festival.com\/wp-content\/uploads\/2026\/03\/chart-3.png\" class=\"attachment-full size-full\" alt=\"\" srcset=\"https:\/\/marrakech-golf-festival.com\/wp-content\/uploads\/2026\/03\/chart-3.png 675w, https:\/\/marrakech-golf-festival.com\/wp-content\/uploads\/2026\/03\/chart-3-300x224.png 300w\" sizes=\"(max-width: 675px) 100vw, 675px\" \/><\/div><!-- Story Description --><div class=\"twae-description\"><p>Desayuno en el hotel<br \/>08:00 = Traslado privado al NORIA GOLF CLUB (Primer Tee Time a las 09:00)<br \/>Fiesta de c\u00f3ctel con canap\u00e9s por NAOURA BARRIERE HOTEL en el clubhouse del golf<\/p><p>Ceremonia de entrega de premios para los ganadores del TROFEO DE GOLF NAOURA BARRIERE MARRAKECH + ganadores de los concursos Nearest to the Pin y Longest Drive<br \/>19:30: Traslado privado del hotel al restaurante CHEZ ALI Restaurant<br \/>Cena con espect\u00e1culo (bebidas no incluidas)<br \/>Traslado privado al hotel<\/p><div class=\"flex flex-col text-sm pb-25\"><section class=\"text-token-text-primary w-full focus:outline-none [--shadow-height:45px] has-data-writing-block:pointer-events-none has-data-writing-block:-mt-(--shadow-height) has-data-writing-block:pt-(--shadow-height) [&amp;:has([data-writing-block])&gt;*]:pointer-events-auto scroll-mt-[calc(var(--header-height)+min(200px,max(70px,20svh)))]\" dir=\"auto\" data-turn-id=\"bcedbb08-156b-4d0e-863a-388f32be723e\" data-testid=\"conversation-turn-286\" data-scroll-anchor=\"true\" data-turn=\"assistant\"><div class=\"text-base my-auto mx-auto pb-10 [--thread-content-margin:var(--thread-content-margin-xs,calc(var(--spacing)*4))] @w-sm\/main:[--thread-content-margin:var(--thread-content-margin-sm,calc(var(--spacing)*6))] @w-lg\/main:[--thread-content-margin:var(--thread-content-margin-lg,calc(var(--spacing)*16))] px-(--thread-content-margin)\"><div class=\"[--thread-content-max-width:40rem] @w-lg\/main:[--thread-content-max-width:48rem] mx-auto max-w-(--thread-content-max-width) flex-1 group\/turn-messages focus-visible:outline-hidden relative flex w-full min-w-0 flex-col agent-turn\"><div class=\"flex max-w-full flex-col gap-4 grow\"><div class=\"min-h-8 text-message relative flex w-full flex-col items-end gap-2 text-start break-words whitespace-normal outline-none keyboard-focused:focus-ring [.text-message+&amp;]:mt-1\" dir=\"auto\" data-message-author-role=\"assistant\" data-message-id=\"bcedbb08-156b-4d0e-863a-388f32be723e\" data-turn-start-message=\"true\" data-message-model-slug=\"gpt-5-mini\"><div class=\"flex w-full flex-col gap-1 empty:hidden\"><div class=\"markdown prose dark:prose-invert w-full wrap-break-word dark markdown-new-styling\"><p data-start=\"74\" data-end=\"1221\" data-is-last-node=\"\" data-is-only-node=\"\"><strong data-start=\"1193\" data-end=\"1221\" data-is-last-node=\"\">Pernoctaci\u00f3n en el hotel<\/strong><\/p><\/div><\/div><\/div><\/div><div class=\"z-0 flex min-h-[46px] justify-start\">\u00a0<\/div><\/div><\/div><\/section><\/div><div class=\"pointer-events-none h-px w-px absolute bottom-0\" aria-hidden=\"true\" data-edge=\"true\">\u00a0<\/div><\/div><\/div><\/div><!-- Start of Story Repeater Content --><div id=\"story-868ef5a\" class=\"twae-story twae-repeater-item twae-story-right twae-story-no-icon\"><!-- Story Label --><div class=\"twae-labels\"><div class=\"twae-label-big\">Jueves: 3 de Diciembre de 2026<\/div><\/div><!-- Story Icon --><div class=\"twae-icon\"><i aria-hidden=\"true\" class=\"far fa-clock\"><\/i><\/div><!-- Story Arrow --><div class=\"twae-arrow\"><\/div><!-- Start of Story Content --><div class=\"twae-content\"><!-- Story Image --><div class=\"twae-media full\"><img loading=\"lazy\" decoding=\"async\" width=\"675\" height=\"505\" src=\"https:\/\/marrakech-golf-festival.com\/wp-content\/uploads\/2026\/03\/chart-4.png\" class=\"attachment-full size-full\" alt=\"\" srcset=\"https:\/\/marrakech-golf-festival.com\/wp-content\/uploads\/2026\/03\/chart-4.png 675w, https:\/\/marrakech-golf-festival.com\/wp-content\/uploads\/2026\/03\/chart-4-300x224.png 300w\" sizes=\"(max-width: 675px) 100vw, 675px\" \/><\/div><!-- Story Description --><div class=\"twae-description\"><p>Desayuno en el hotel 15:00 Medio d\u00eda de visita guiada por Marrakech, incluyendo la MEDINA, el SOUK y la PLAZA DJEMAA EL FNAA<\/p><p>Traslado privado al hotel<br \/>Pernoctaci\u00f3n en el hotel<\/p><\/div><\/div><\/div><!-- Start of Story Repeater Content --><div id=\"story-e3e782a\" class=\"twae-story twae-repeater-item twae-story-left twae-story-no-icon\"><!-- Story Label --><div class=\"twae-labels\"><div class=\"twae-label-big\">Viernes: 4 de Diciembre de 2026<\/div><\/div><!-- Story Icon --><div class=\"twae-icon\"><i aria-hidden=\"true\" class=\"far fa-clock\"><\/i><\/div><!-- Story Arrow --><div class=\"twae-arrow\"><\/div><!-- Start of Story Content --><div class=\"twae-content\"><!-- Story Image --><div class=\"twae-media full\"><img loading=\"lazy\" decoding=\"async\" width=\"675\" height=\"505\" src=\"https:\/\/marrakech-golf-festival.com\/wp-content\/uploads\/2026\/03\/chart-5.png\" class=\"attachment-full size-full\" alt=\"\" srcset=\"https:\/\/marrakech-golf-festival.com\/wp-content\/uploads\/2026\/03\/chart-5.png 675w, https:\/\/marrakech-golf-festival.com\/wp-content\/uploads\/2026\/03\/chart-5-300x224.png 300w\" sizes=\"(max-width: 675px) 100vw, 675px\" \/><\/div><!-- Story Description --><div class=\"twae-description\"><p>Desayuno en el hotel<br \/>08:15 = Traslado privado al AMELKIS GOLF CLUB<br \/>Tee Time a las 09:00 SHOTGUN<br \/>Traslado privado al hotel<br \/>Pernoctaci\u00f3n en el hotel<\/p><\/div><\/div><\/div><!-- Start of Story Repeater Content --><div id=\"story-a214697\" class=\"twae-story twae-repeater-item twae-story-right twae-story-no-icon\"><!-- Story Label --><div class=\"twae-labels\"><div class=\"twae-label-big\">S\u00e1bado: 5 de Diciembre de 2026<\/div><\/div><!-- Story Icon --><div class=\"twae-icon\"><i aria-hidden=\"true\" class=\"far fa-clock\"><\/i><\/div><!-- Story Arrow --><div class=\"twae-arrow\"><\/div><!-- Start of Story Content --><div class=\"twae-content\"><!-- Story Title --><div class=\"twae-title\">\u201cCUPA DE GOLF MOVENPICK\u201d<\/div><!-- Story Image --><div class=\"twae-media full\"><img loading=\"lazy\" decoding=\"async\" width=\"675\" height=\"505\" src=\"https:\/\/marrakech-golf-festival.com\/wp-content\/uploads\/2026\/03\/chart-6.png\" class=\"attachment-full size-full\" alt=\"\" srcset=\"https:\/\/marrakech-golf-festival.com\/wp-content\/uploads\/2026\/03\/chart-6.png 675w, https:\/\/marrakech-golf-festival.com\/wp-content\/uploads\/2026\/03\/chart-6-300x224.png 300w\" sizes=\"(max-width: 675px) 100vw, 675px\" \/><\/div><!-- Story Description --><div class=\"twae-description\"><p>Desayuno en el hotel<br \/>08:00 = Traslado privado al AKENZA GOLF CLUB<br \/>Primer Tee Time a las 09:00<br \/>Cocktail Party with Canap\u00e9 by Fiesta de c\u00f3ctel con canap\u00e9s por MOVENPICK HOTEL MANSOUR EDDAHBI en el clubhouse del golf<br \/>Cena de gala y ceremonia de entrega de premios para ambos eventos \u201cMOVENPICK CUP &amp; MARRAKECH GOLF FESTIVAL\u201d<br \/>Cena de gala y ceremonia de entrega de premios para ambos eventos \u201cMOVENPICK CUP &amp; MARRAKECH GOLF FESTIVAL\u201d<\/p><\/div><\/div><\/div><!-- Start of Story Repeater Content --><div id=\"story-aef59da\" class=\"twae-story twae-repeater-item twae-story-left twae-story-no-icon\"><!-- Story Label --><div class=\"twae-labels\"><div class=\"twae-label-big\">Domingo: 6 de Diciembre de 2026<\/div><\/div><!-- Story Icon --><div class=\"twae-icon\"><i aria-hidden=\"true\" class=\"far fa-clock\"><\/i><\/div><!-- Story Arrow --><div class=\"twae-arrow\"><\/div><!-- Start of Story Content --><div class=\"twae-content\"><!-- Story Image --><div class=\"twae-media full\"><img loading=\"lazy\" decoding=\"async\" width=\"675\" height=\"505\" src=\"https:\/\/marrakech-golf-festival.com\/wp-content\/uploads\/2026\/03\/chart-7.png\" class=\"attachment-full size-full\" alt=\"\" srcset=\"https:\/\/marrakech-golf-festival.com\/wp-content\/uploads\/2026\/03\/chart-7.png 675w, https:\/\/marrakech-golf-festival.com\/wp-content\/uploads\/2026\/03\/chart-7-300x224.png 300w\" sizes=\"(max-width: 675px) 100vw, 675px\" \/><\/div><!-- Story Description --><div class=\"twae-description\"><p>Traslados privados al AEROPUERTO DE MARRAKECH<\/p><\/div><\/div><\/div><\/div>\n    <div class=\"twae-end\"><\/div>\n    <\/div><style type=\"text\/css\">@media (max-width: 1024px){ .twae-wrapper{--tw-ybx-size: 80px !important;}}@media (max-width: 767px){ .twae-wrapper{--tw-ybx-size: 80px !important}}<\/style>\t\t\t\t<\/div>\n\t\t\t\t<\/div>\n\t\t\t\t\t<\/div>\n\t\t\t\t<\/div>\n\t\t\t\t<\/div>\n\t\t","protected":false},"excerpt":{"rendered":"<p>PROGRAMME Home Domingo: 29 de Noviembre de 2026 Llegadas al Aeropuerto de [&hellip;]<\/p>\n","protected":false},"author":1,"featured_media":0,"parent":0,"menu_order":0,"comment_status":"closed","ping_status":"closed","template":"elementor_header_footer","meta":{"footnotes":""},"class_list":["post-10823","page","type-page","status-publish","hentry"],"_links":{"self":[{"href":"https:\/\/marrakech-golf-festival.com\/es\/wp-json\/wp\/v2\/pages\/10823","targetHints":{"allow":["GET"]}}],"collection":[{"href":"https:\/\/marrakech-golf-festival.com\/es\/wp-json\/wp\/v2\/pages"}],"about":[{"href":"https:\/\/marrakech-golf-festival.com\/es\/wp-json\/wp\/v2\/types\/page"}],"author":[{"embeddable":true,"href":"https:\/\/marrakech-golf-festival.com\/es\/wp-json\/wp\/v2\/users\/1"}],"replies":[{"embeddable":true,"href":"https:\/\/marrakech-golf-festival.com\/es\/wp-json\/wp\/v2\/comments?post=10823"}],"version-history":[{"count":66,"href":"https:\/\/marrakech-golf-festival.com\/es\/wp-json\/wp\/v2\/pages\/10823\/revisions"}],"predecessor-version":[{"id":12843,"href":"https:\/\/marrakech-golf-festival.com\/es\/wp-json\/wp\/v2\/pages\/10823\/revisions\/12843"}],"wp:attachment":[{"href":"https:\/\/marrakech-golf-festival.com\/es\/wp-json\/wp\/v2\/media?parent=10823"}],"curies":[{"name":"wp","href":"https:\/\/api.w.org\/{rel}","templated":true}]}}