{"id":9973,"date":"2025-04-08T05:30:28","date_gmt":"2025-04-08T05:30:28","guid":{"rendered":"https:\/\/marrakech-golf-festival.com\/programme\/"},"modified":"2026-04-02T11:51:34","modified_gmt":"2026-04-02T11:51:34","slug":"programme","status":"publish","type":"page","link":"https:\/\/marrakech-golf-festival.com\/fr\/programme\/","title":{"rendered":"PROGRAMME"},"content":{"rendered":"\t\t<div data-elementor-type=\"wp-page\" data-elementor-id=\"9973\" class=\"elementor elementor-9973\">\n\t\t\t\t<div class=\"elementor-element elementor-element-ea3bf3b e-flex e-con-boxed e-con e-parent\" data-id=\"ea3bf3b\" data-element_type=\"container\" data-e-type=\"container\">\n\t\t\t\t\t<div class=\"e-con-inner\">\n\t\t<div data-ekitparallax=\"{&quot;ekit_section_parallax_bg&quot;:&quot;yes&quot;,&quot;ekit_section_parallax_bg_speed&quot;:0.5,&quot;elementor_lazy_load&quot;:&quot;1&quot;}\" class=\"elementor-element elementor-element-644ff70 border-radius-section page-header-section e-flex e-con-boxed e-con e-child\" data-id=\"644ff70\" data-element_type=\"container\" data-e-type=\"container\" data-settings=\"{&quot;background_background&quot;:&quot;classic&quot;}\">\n\t\t\t\t\t<div class=\"e-con-inner\">\n\t\t<div class=\"elementor-element elementor-element-d2900ab e-con-full e-flex e-con e-child\" data-id=\"d2900ab\" data-element_type=\"container\" data-e-type=\"container\">\n\t\t\t\t<div class=\"elementor-element elementor-element-26e94d2 at-heading-animation at-animation-heading-style-3 elementor-widget elementor-widget-heading\" data-id=\"26e94d2\" data-element_type=\"widget\" data-e-type=\"widget\" data-settings=\"{&quot;ekit_we_effect_on&quot;:&quot;none&quot;}\" data-widget_type=\"heading.default\">\n\t\t\t\t\t<h1 class=\"elementor-heading-title elementor-size-default\">PROGRAMME<\/h1>\t\t\t\t<\/div>\n\t\t\t\t<div class=\"elementor-element elementor-element-14da9dc elementor-invisible elementor-widget elementor-widget-golfex-breadcrumb\" data-id=\"14da9dc\" data-element_type=\"widget\" data-e-type=\"widget\" data-settings=\"{&quot;_animation&quot;:&quot;fadeInUp&quot;,&quot;ekit_we_effect_on&quot;:&quot;none&quot;}\" data-widget_type=\"golfex-breadcrumb.default\">\n\t\t\t\t<div class=\"elementor-widget-container\">\n\t\t\t\t\t<div role=\"navigation\" aria-label=\"Breadcrumbs\" class=\"breadcrumb-trail breadcrumbs\"><ol class=\"trail-items\"><li class=\"trail-item trail-begin\"><a href=\"https:\/\/marrakech-golf-festival.com\/fr\/\" rel=\"home\"><span>Home<\/span><\/a><\/li><li class=\"trail-item trail-end\"><span><span>PROGRAMME<\/span><\/span><\/li><\/ol><\/div>\t\t\t\t<\/div>\n\t\t\t\t<\/div>\n\t\t\t\t<\/div>\n\t\t\t\t\t<\/div>\n\t\t\t\t<\/div>\n\t\t\t\t\t<\/div>\n\t\t\t\t<\/div>\n\t\t<div class=\"elementor-element elementor-element-cf98b1f e-flex e-con-boxed e-con e-parent\" data-id=\"cf98b1f\" data-element_type=\"container\" data-e-type=\"container\">\n\t\t\t\t\t<div class=\"e-con-inner\">\n\t\t\t\t<div class=\"elementor-element elementor-element-2907576 elementor-widget elementor-widget-timeline-widget-addon\" data-id=\"2907576\" data-element_type=\"widget\" data-e-type=\"widget\" data-settings=\"{&quot;ekit_we_effect_on&quot;:&quot;none&quot;}\" data-widget_type=\"timeline-widget-addon.default\">\n\t\t\t\t<div class=\"elementor-widget-container\">\n\t\t\t\t\t<!-- ========= Timeline Widget Addon For Elementor 1.6.24 ========= -->\n<div id=\"twae-wrapper-2907576\" class=\"twae-vertical twae-wrapper  twae-both-sided\">   \n    <div class=\"twae-start\"><\/div>    \n    <div id=\"twea-timeline-2907576\" class=\"twae-timeline\" ><!-- Start of Story Repeater Content --><div id=\"story-1fbcc87\" class=\"twae-story twae-repeater-item twae-story-right twae-story-no-icon\"><!-- Story Label --><div class=\"twae-labels\"><div class=\"twae-label-big\">Dimanche 29 novembre 2026<\/div><\/div><!-- Story Icon --><div class=\"twae-icon\"><i aria-hidden=\"true\" class=\"far fa-clock\"><\/i><\/div><!-- Story Arrow --><div class=\"twae-arrow\"><\/div><!-- Start of Story Content --><div class=\"twae-content\"><!-- Story Image --><div class=\"twae-media full\"><img fetchpriority=\"high\" decoding=\"async\" width=\"675\" height=\"505\" src=\"https:\/\/marrakech-golf-festival.com\/wp-content\/uploads\/2026\/03\/chart.png\" class=\"attachment-full size-full\" alt=\"\" srcset=\"https:\/\/marrakech-golf-festival.com\/wp-content\/uploads\/2026\/03\/chart.png 675w, https:\/\/marrakech-golf-festival.com\/wp-content\/uploads\/2026\/03\/chart-300x224.png 300w\" sizes=\"(max-width: 675px) 100vw, 675px\" \/><\/div><!-- Story Description --><div class=\"twae-description\"><p>Arriv\u00e9es \u00e0 l\u2019a\u00e9roport de MARRAKECH \u2013 accueil personnalis\u00e9<br \/>Transferts priv\u00e9s vers l\u2019h\u00f4tel<br \/>Enregistrement &amp; nuit \u00e0 l\u2019h\u00f4tel<\/p><\/div><\/div><\/div><!-- Start of Story Repeater Content --><div id=\"story-57ee0cc\" class=\"twae-story twae-repeater-item twae-story-left twae-story-no-icon\"><!-- Story Label --><div class=\"twae-labels\"><div class=\"twae-label-big\">Lundi 30 novembre 2026<\/div><\/div><!-- Story Icon --><div class=\"twae-icon\"><i aria-hidden=\"true\" class=\"far fa-clock\"><\/i><\/div><!-- Story Arrow --><div class=\"twae-arrow\"><\/div><!-- Start of Story Content --><div class=\"twae-content\"><!-- Story Title --><div class=\"twae-title\">Troph\u00e9e de golf BE LIVE HOTELS Marrakech<\/div><!-- Story Image --><div class=\"twae-media full\"><img decoding=\"async\" width=\"675\" height=\"505\" src=\"https:\/\/marrakech-golf-festival.com\/wp-content\/uploads\/2026\/03\/chart-1.png\" class=\"attachment-full size-full\" alt=\"\" srcset=\"https:\/\/marrakech-golf-festival.com\/wp-content\/uploads\/2026\/03\/chart-1.png 675w, https:\/\/marrakech-golf-festival.com\/wp-content\/uploads\/2026\/03\/chart-1-300x224.png 300w\" sizes=\"(max-width: 675px) 100vw, 675px\" \/><\/div><!-- Story Description --><div class=\"twae-description\"><p>Petit-d\u00e9jeuner \u00e0 l\u2019h\u00f4tel<br \/>08h00 = Transfert priv\u00e9 vers le PALMGOLF OURIKA GOLF CLUB<br \/>09h00 = D\u00e9part en shot gun<br \/>Spectacle de golf acrobatique par le pro PGA KARSTEN MAAS<br \/>Cocktail offert par BE LIVE HOTELS MARRAKECH<br \/>C\u00e9r\u00e9monie de remise des prix pour les vainqueurs du \u00ab BE LIVE HOTELS MARRAKECH GOLF TROPHY \u00bb, ainsi que les gagnants des concours \u00ab Nearest to the Pin \u00bb et \u00ab Longest Drive \u00bb<br \/>Transfert priv\u00e9 vers l\u2019h\u00f4tel<br \/>Nuit \u00e0 l\u2019h\u00f4tel<\/p><\/div><\/div><\/div><!-- Start of Story Repeater Content --><div id=\"story-71aadc7\" class=\"twae-story twae-repeater-item twae-story-right twae-story-no-icon\"><!-- Story Label --><div class=\"twae-labels\"><div class=\"twae-label-big\">Mardi 1er d\u00e9cembre 2026<\/div><\/div><!-- Story Icon --><div class=\"twae-icon\"><i aria-hidden=\"true\" class=\"far fa-clock\"><\/i><\/div><!-- Story Arrow --><div class=\"twae-arrow\"><\/div><!-- Start of Story Content --><div class=\"twae-content\"><!-- Story Title --><div class=\"twae-title\">Troph\u00e9e de golf PICKALBATROS Marrakech <\/div><!-- Story Image --><div class=\"twae-media full\"><img decoding=\"async\" width=\"675\" height=\"505\" src=\"https:\/\/marrakech-golf-festival.com\/wp-content\/uploads\/2026\/03\/chart-2.png\" class=\"attachment-full size-full\" alt=\"\" srcset=\"https:\/\/marrakech-golf-festival.com\/wp-content\/uploads\/2026\/03\/chart-2.png 675w, https:\/\/marrakech-golf-festival.com\/wp-content\/uploads\/2026\/03\/chart-2-300x224.png 300w\" sizes=\"(max-width: 675px) 100vw, 675px\" \/><\/div><!-- Story Description --><div class=\"twae-description\"><p>Petit-d\u00e9jeuner \u00e0 l\u2019h\u00f4tel<br \/>08h00 = Transfert priv\u00e9 vers le PALMERAIE GOLF CLUB<br \/>09h00 = D\u00e9parts (tee time)<br \/>Cocktail offert par le PICKALBATROS HOTEL DU GOLF<br \/>C\u00e9r\u00e9monie de remise des prix pour les vainqueurs du \u00ab Troph\u00e9e de golf PICKALBATROS Marrakech \u00bb, ainsi que les gagnants des concours \u00ab Nearest to the Pin \u00bb et \u00ab Longest Drive \u00bb<br \/>Transfert priv\u00e9 vers l\u2019h\u00f4tel<br \/>Nuit \u00e0 l\u2019h\u00f4tel<\/p><\/div><\/div><\/div><!-- Start of Story Repeater Content --><div id=\"story-7c9b6c6\" class=\"twae-story twae-repeater-item twae-story-left twae-story-no-icon\"><!-- Story Label --><div class=\"twae-labels\"><div class=\"twae-label-big\">Mercredi 2 d\u00e9cembre 2026<\/div><\/div><!-- Story Icon --><div class=\"twae-icon\"><i aria-hidden=\"true\" class=\"far fa-clock\"><\/i><\/div><!-- Story Arrow --><div class=\"twae-arrow\"><\/div><!-- Start of Story Content --><div class=\"twae-content\"><!-- Story Title --><div class=\"twae-title\">Troph\u00e9e de golf NAOURA BARRI\u00c8RE Marrakech <\/div><!-- Story Image --><div class=\"twae-media full\"><img loading=\"lazy\" decoding=\"async\" width=\"675\" height=\"505\" src=\"https:\/\/marrakech-golf-festival.com\/wp-content\/uploads\/2026\/03\/chart-3.png\" class=\"attachment-full size-full\" alt=\"\" srcset=\"https:\/\/marrakech-golf-festival.com\/wp-content\/uploads\/2026\/03\/chart-3.png 675w, https:\/\/marrakech-golf-festival.com\/wp-content\/uploads\/2026\/03\/chart-3-300x224.png 300w\" sizes=\"(max-width: 675px) 100vw, 675px\" \/><\/div><!-- Story Description --><div class=\"twae-description\"><p>Petit-d\u00e9jeuner \u00e0 l\u2019h\u00f4tel<br \/>08h00 = Transfert priv\u00e9 vers le NORIA GOLF CLUB<br \/>(Premier d\u00e9part \u00e0 09h00)<br \/>Cocktail avec canap\u00e9s offert par le NAOURA BARRI\u00c8RE HOTEL au club-house du golf<br \/>C\u00e9r\u00e9monie de remise des prix pour les vainqueurs du \u00ab Troph\u00e9e de golf NAOURA BARRI\u00c8RE Marrakech \u00bb, ainsi que les gagnants des concours \u00ab Nearest to the Pin \u00bb et \u00ab Longest Drive \u00bb<\/p><p>19h30 : Transfert priv\u00e9 de l\u2019h\u00f4tel vers le restaurant CHEZ ALI<br \/>D\u00eener-spectacle (boissons non incluses)<br \/>Transfert priv\u00e9 vers l\u2019h\u00f4tel<br \/>Nuit \u00e0 l\u2019h\u00f4tel<\/p><\/div><\/div><\/div><!-- Start of Story Repeater Content --><div id=\"story-868ef5a\" class=\"twae-story twae-repeater-item twae-story-right twae-story-no-icon\"><!-- Story Label --><div class=\"twae-labels\"><div class=\"twae-label-big\">Jeudi 3 d\u00e9cembre 2026<\/div><\/div><!-- Story Icon --><div class=\"twae-icon\"><i aria-hidden=\"true\" class=\"far fa-clock\"><\/i><\/div><!-- Story Arrow --><div class=\"twae-arrow\"><\/div><!-- Start of Story Content --><div class=\"twae-content\"><!-- Story Image --><div class=\"twae-media full\"><img loading=\"lazy\" decoding=\"async\" width=\"675\" height=\"505\" src=\"https:\/\/marrakech-golf-festival.com\/wp-content\/uploads\/2026\/03\/chart-4.png\" class=\"attachment-full size-full\" alt=\"\" srcset=\"https:\/\/marrakech-golf-festival.com\/wp-content\/uploads\/2026\/03\/chart-4.png 675w, https:\/\/marrakech-golf-festival.com\/wp-content\/uploads\/2026\/03\/chart-4-300x224.png 300w\" sizes=\"(max-width: 675px) 100vw, 675px\" \/><\/div><!-- Story Description --><div class=\"twae-description\"><p>Petit-d\u00e9jeuner \u00e0 l\u2019h\u00f4tel<br \/>15h00 = Demi-journ\u00e9e de visite guid\u00e9e de Marrakech incluant la m\u00e9dina, les souks et la place Jemaa el-Fna<br \/>Transfert priv\u00e9 vers l\u2019h\u00f4tel<br \/>Nuit \u00e0 l\u2019h\u00f4tel<\/p><\/div><\/div><\/div><!-- Start of Story Repeater Content --><div id=\"story-e3e782a\" class=\"twae-story twae-repeater-item twae-story-left twae-story-no-icon\"><!-- Story Label --><div class=\"twae-labels\"><div class=\"twae-label-big\">Vendredi 4 d\u00e9cembre 2026<\/div><\/div><!-- Story Icon --><div class=\"twae-icon\"><i aria-hidden=\"true\" class=\"far fa-clock\"><\/i><\/div><!-- Story Arrow --><div class=\"twae-arrow\"><\/div><!-- Start of Story Content --><div class=\"twae-content\"><!-- Story Image --><div class=\"twae-media full\"><img loading=\"lazy\" decoding=\"async\" width=\"675\" height=\"505\" src=\"https:\/\/marrakech-golf-festival.com\/wp-content\/uploads\/2026\/03\/chart-5.png\" class=\"attachment-full size-full\" alt=\"\" srcset=\"https:\/\/marrakech-golf-festival.com\/wp-content\/uploads\/2026\/03\/chart-5.png 675w, https:\/\/marrakech-golf-festival.com\/wp-content\/uploads\/2026\/03\/chart-5-300x224.png 300w\" sizes=\"(max-width: 675px) 100vw, 675px\" \/><\/div><!-- Story Description --><div class=\"twae-description\"><p>Petit-d\u00e9jeuner \u00e0 l\u2019h\u00f4tel<br \/>08h15 = Transfert priv\u00e9 vers l\u2019AMELKIS GOLF CLUB<br \/>09h00 = D\u00e9part en shot gun<br \/>Transfert priv\u00e9 vers l\u2019h\u00f4tel<br \/>Nuit \u00e0 l\u2019h\u00f4tel<\/p><\/div><\/div><\/div><!-- Start of Story Repeater Content --><div id=\"story-a214697\" class=\"twae-story twae-repeater-item twae-story-right twae-story-no-icon\"><!-- Story Label --><div class=\"twae-labels\"><div class=\"twae-label-big\">Samedi 5 d\u00e9cembre 2026<\/div><\/div><!-- Story Icon --><div class=\"twae-icon\"><i aria-hidden=\"true\" class=\"far fa-clock\"><\/i><\/div><!-- Story Arrow --><div class=\"twae-arrow\"><\/div><!-- Start of Story Content --><div class=\"twae-content\"><!-- Story Title --><div class=\"twae-title\"> Coupe de golf M\u00d6VENPICK <\/div><!-- Story Image --><div class=\"twae-media full\"><img loading=\"lazy\" decoding=\"async\" width=\"675\" height=\"505\" src=\"https:\/\/marrakech-golf-festival.com\/wp-content\/uploads\/2026\/03\/chart-6.png\" class=\"attachment-full size-full\" alt=\"\" srcset=\"https:\/\/marrakech-golf-festival.com\/wp-content\/uploads\/2026\/03\/chart-6.png 675w, https:\/\/marrakech-golf-festival.com\/wp-content\/uploads\/2026\/03\/chart-6-300x224.png 300w\" sizes=\"(max-width: 675px) 100vw, 675px\" \/><\/div><!-- Story Description --><div class=\"twae-description\"><p>Petit-d\u00e9jeuner \u00e0 l\u2019h\u00f4tel<br \/>08h00 = Transfert priv\u00e9 vers l\u2019AKENZA GOLF CLUB<br \/>Premier d\u00e9part \u00e0 09h00<br \/>Cocktail avec canap\u00e9s offert par le M\u00d6VENPICK HOTEL MANSOUR EDDAHBI au club-house du golf<br \/>D\u00eener de gala &amp; c\u00e9r\u00e9monie de remise des prix pour les deux \u00e9v\u00e9nements \u00ab M\u00d6VENPICK CUP \u00bb &amp; \u00ab MARRAKECH GOLF FESTIVAL \u00bb<br \/>Nuit \u00e0 l\u2019h\u00f4tel<\/p><\/div><\/div><\/div><!-- Start of Story Repeater Content --><div id=\"story-aef59da\" class=\"twae-story twae-repeater-item twae-story-left twae-story-no-icon\"><!-- Story Label --><div class=\"twae-labels\"><div class=\"twae-label-big\">Dimanche 6 d\u00e9cembre 2026<\/div><\/div><!-- Story Icon --><div class=\"twae-icon\"><i aria-hidden=\"true\" class=\"far fa-clock\"><\/i><\/div><!-- Story Arrow --><div class=\"twae-arrow\"><\/div><!-- Start of Story Content --><div class=\"twae-content\"><!-- Story Image --><div class=\"twae-media full\"><img loading=\"lazy\" decoding=\"async\" width=\"675\" height=\"505\" src=\"https:\/\/marrakech-golf-festival.com\/wp-content\/uploads\/2026\/03\/chart-7.png\" class=\"attachment-full size-full\" alt=\"\" srcset=\"https:\/\/marrakech-golf-festival.com\/wp-content\/uploads\/2026\/03\/chart-7.png 675w, https:\/\/marrakech-golf-festival.com\/wp-content\/uploads\/2026\/03\/chart-7-300x224.png 300w\" sizes=\"(max-width: 675px) 100vw, 675px\" \/><\/div><!-- Story Description --><div class=\"twae-description\"><p>Transferts priv\u00e9s vers l\u2019a\u00e9roport de MARRAKECH<\/p><\/div><\/div><\/div><\/div>\n    <div class=\"twae-end\"><\/div>\n    <\/div><style type=\"text\/css\">@media (max-width: 1024px){ .twae-wrapper{--tw-ybx-size: 80px !important;}}@media (max-width: 767px){ .twae-wrapper{--tw-ybx-size: 80px !important}}<\/style>\t\t\t\t<\/div>\n\t\t\t\t<\/div>\n\t\t\t\t\t<\/div>\n\t\t\t\t<\/div>\n\t\t\t\t<\/div>\n\t\t","protected":false},"excerpt":{"rendered":"<p>PROGRAMME Home Dimanche 29 novembre 2026 Arriv\u00e9es \u00e0 l\u2019a\u00e9roport de MARRAKECH \u2013 [&hellip;]<\/p>\n","protected":false},"author":1,"featured_media":0,"parent":0,"menu_order":0,"comment_status":"closed","ping_status":"closed","template":"elementor_header_footer","meta":{"footnotes":""},"class_list":["post-9973","page","type-page","status-publish","hentry"],"_links":{"self":[{"href":"https:\/\/marrakech-golf-festival.com\/fr\/wp-json\/wp\/v2\/pages\/9973","targetHints":{"allow":["GET"]}}],"collection":[{"href":"https:\/\/marrakech-golf-festival.com\/fr\/wp-json\/wp\/v2\/pages"}],"about":[{"href":"https:\/\/marrakech-golf-festival.com\/fr\/wp-json\/wp\/v2\/types\/page"}],"author":[{"embeddable":true,"href":"https:\/\/marrakech-golf-festival.com\/fr\/wp-json\/wp\/v2\/users\/1"}],"replies":[{"embeddable":true,"href":"https:\/\/marrakech-golf-festival.com\/fr\/wp-json\/wp\/v2\/comments?post=9973"}],"version-history":[{"count":63,"href":"https:\/\/marrakech-golf-festival.com\/fr\/wp-json\/wp\/v2\/pages\/9973\/revisions"}],"predecessor-version":[{"id":12803,"href":"https:\/\/marrakech-golf-festival.com\/fr\/wp-json\/wp\/v2\/pages\/9973\/revisions\/12803"}],"wp:attachment":[{"href":"https:\/\/marrakech-golf-festival.com\/fr\/wp-json\/wp\/v2\/media?parent=9973"}],"curies":[{"name":"wp","href":"https:\/\/api.w.org\/{rel}","templated":true}]}}