{"id":9975,"date":"2025-04-02T12:37:14","date_gmt":"2025-04-02T12:37:14","guid":{"rendered":"https:\/\/marrakech-golf-festival.com\/prices\/"},"modified":"2026-04-02T12:05:31","modified_gmt":"2026-04-02T12:05:31","slug":"prices","status":"publish","type":"page","link":"https:\/\/marrakech-golf-festival.com\/fr\/prices\/","title":{"rendered":"Prices"},"content":{"rendered":"\t\t<div data-elementor-type=\"wp-page\" data-elementor-id=\"9975\" class=\"elementor elementor-9975\">\n\t\t\t\t<div class=\"elementor-element elementor-element-9ffb1a1 e-flex e-con-boxed e-con e-parent\" data-id=\"9ffb1a1\" data-element_type=\"container\" data-e-type=\"container\">\n\t\t\t\t\t<div class=\"e-con-inner\">\n\t\t<div data-ekitparallax=\"{&quot;ekit_section_parallax_bg&quot;:&quot;yes&quot;,&quot;ekit_section_parallax_bg_speed&quot;:0.5,&quot;elementor_lazy_load&quot;:&quot;1&quot;}\" class=\"elementor-element elementor-element-6efec34 e-flex e-con-boxed e-con e-child\" data-id=\"6efec34\" data-element_type=\"container\" data-e-type=\"container\" data-settings=\"{&quot;background_background&quot;:&quot;classic&quot;}\">\n\t\t\t\t\t<div class=\"e-con-inner\">\n\t\t<div class=\"elementor-element elementor-element-4556b76 e-con-full e-flex e-con e-child\" data-id=\"4556b76\" data-element_type=\"container\" data-e-type=\"container\">\n\t\t\t\t<div class=\"elementor-element elementor-element-a0d4bd1 at-heading-animation at-animation-heading-style-3 elementor-widget elementor-widget-heading\" data-id=\"a0d4bd1\" data-element_type=\"widget\" data-e-type=\"widget\" data-settings=\"{&quot;ekit_we_effect_on&quot;:&quot;none&quot;}\" data-widget_type=\"heading.default\">\n\t\t\t\t\t<h1 class=\"elementor-heading-title elementor-size-default\">Tarifs\n<\/h1>\t\t\t\t<\/div>\n\t\t\t\t<div class=\"elementor-element elementor-element-b94880b elementor-invisible elementor-widget elementor-widget-golfex-breadcrumb\" data-id=\"b94880b\" data-element_type=\"widget\" data-e-type=\"widget\" data-settings=\"{&quot;_animation&quot;:&quot;fadeInUp&quot;,&quot;ekit_we_effect_on&quot;:&quot;none&quot;}\" data-widget_type=\"golfex-breadcrumb.default\">\n\t\t\t\t<div class=\"elementor-widget-container\">\n\t\t\t\t\t<div role=\"navigation\" aria-label=\"Breadcrumbs\" class=\"breadcrumb-trail breadcrumbs\"><ol class=\"trail-items\"><li class=\"trail-item trail-begin\"><a href=\"https:\/\/marrakech-golf-festival.com\/fr\/\" rel=\"home\"><span>Home<\/span><\/a><\/li><li class=\"trail-item trail-end\"><span><span>Prices<\/span><\/span><\/li><\/ol><\/div>\t\t\t\t<\/div>\n\t\t\t\t<\/div>\n\t\t\t\t<\/div>\n\t\t\t\t\t<\/div>\n\t\t\t\t<\/div>\n\t\t\t\t\t<\/div>\n\t\t\t\t<\/div>\n\t\t<div class=\"elementor-element elementor-element-5eb9ce9 e-flex e-con-boxed e-con e-parent\" data-id=\"5eb9ce9\" data-element_type=\"container\" data-e-type=\"container\" data-settings=\"{&quot;background_background&quot;:&quot;classic&quot;}\">\n\t\t\t\t\t<div class=\"e-con-inner\">\n\t\t<div class=\"elementor-element elementor-element-822c5ad e-con-full e-flex e-con e-child\" data-id=\"822c5ad\" data-element_type=\"container\" data-e-type=\"container\">\n\t\t\t\t<div class=\"elementor-element elementor-element-43d8392 section-title at-heading-animation at-animation-heading-none elementor-invisible elementor-widget elementor-widget-heading\" data-id=\"43d8392\" data-element_type=\"widget\" data-e-type=\"widget\" data-settings=\"{&quot;_animation&quot;:&quot;fadeInUp&quot;,&quot;ekit_we_effect_on&quot;:&quot;none&quot;}\" data-widget_type=\"heading.default\">\n\t\t\t\t\t<h3 class=\"elementor-heading-title elementor-size-default\">OPTION 1<\/h3>\t\t\t\t<\/div>\n\t\t\t\t<div class=\"elementor-element elementor-element-6b45c52 at-heading-animation at-animation-heading-style-3 elementor-widget elementor-widget-heading\" data-id=\"6b45c52\" data-element_type=\"widget\" data-e-type=\"widget\" data-settings=\"{&quot;ekit_we_effect_on&quot;:&quot;none&quot;}\" data-widget_type=\"heading.default\">\n\t\t\t\t\t<h2 class=\"elementor-heading-title elementor-size-default\">MOVENPICK MANSOUR EDDAHBI HOTEL 5*<\/h2>\t\t\t\t<\/div>\n\t\t\t\t<div class=\"elementor-element elementor-element-cfc581c elementor-invisible elementor-widget elementor-widget-text-editor\" data-id=\"cfc581c\" data-element_type=\"widget\" data-e-type=\"widget\" data-settings=\"{&quot;_animation&quot;:&quot;fadeInUp&quot;,&quot;_animation_delay&quot;:100,&quot;ekit_we_effect_on&quot;:&quot;none&quot;}\" data-widget_type=\"text-editor.default\">\n\t\t\t\t\t\t\t\t\t<p>Tarif par golfeur : 1 795 \u20ac<br \/>Tarif accompagnant (non-golfeur) : 1 435 \u20ac<br \/>Suppl\u00e9ment chambre individuelle : 535 \u20ac<\/p>\t\t\t\t\t\t\t\t<\/div>\n\t\t\t\t<div class=\"elementor-element elementor-element-4f0c651 at-heading-animation at-animation-heading-style-3 elementor-widget elementor-widget-heading\" data-id=\"4f0c651\" data-element_type=\"widget\" data-e-type=\"widget\" data-settings=\"{&quot;ekit_we_effect_on&quot;:&quot;none&quot;}\" data-widget_type=\"heading.default\">\n\t\t\t\t\t<h2 class=\"elementor-heading-title elementor-size-default\">Le tarif comprend (option 1)\n<\/h2>\t\t\t\t<\/div>\n\t\t\t\t<div class=\"elementor-element elementor-element-4a2535a elementor-invisible elementor-widget elementor-widget-text-editor\" data-id=\"4a2535a\" data-element_type=\"widget\" data-e-type=\"widget\" data-settings=\"{&quot;_animation&quot;:&quot;fadeInUp&quot;,&quot;_animation_delay&quot;:100,&quot;ekit_we_effect_on&quot;:&quot;none&quot;}\" data-widget_type=\"text-editor.default\">\n\t\t\t\t\t\t\t\t\t<ul><li>7 nuits, taxes incluses, \u00e0 l\u2019H\u00d4TEL M\u00d6VENPICK<\/li><li>Petit-d\u00e9jeuner buffet quotidien<\/li><li>5 jours de comp\u00e9tition de golf (5 parcours)<\/li><li>4 cocktails avec canap\u00e9s<\/li><li>\u00bd journ\u00e9e de visite guid\u00e9e de Marrakech<\/li><li>D\u00eener-spectacle au restaurant CHEZ ALI<\/li><li>Spectacle de golf acrobatique par Karsten Maas<\/li><li>D\u00eener de gala avec animation &amp; c\u00e9r\u00e9monie de remise des prix<\/li><li>Transferts priv\u00e9s golf (H\u00f4tel \u2013 Parcours \u2013 H\u00f4tel)<\/li><li>Transferts priv\u00e9s depuis et vers l\u2019a\u00e9roport de Marrakech<\/li><li>Assistance permanente \u00e0 Marrakech<\/li><\/ul>\t\t\t\t\t\t\t\t<\/div>\n\t\t\t\t<div class=\"elementor-element elementor-element-80175a7 elementor-invisible elementor-widget elementor-widget-text-editor\" data-id=\"80175a7\" data-element_type=\"widget\" data-e-type=\"widget\" data-settings=\"{&quot;_animation&quot;:&quot;fadeInUp&quot;,&quot;_animation_delay&quot;:100,&quot;ekit_we_effect_on&quot;:&quot;none&quot;}\" data-widget_type=\"text-editor.default\">\n\t\t\t\t\t\t\t\t\t<p>Les transferts priv\u00e9s depuis et vers les a\u00e9roports d\u2019AGADIR ou de CASABLANCA peuvent \u00eatre organis\u00e9s avec suppl\u00e9ment.<\/p><ul><li><p>Temps de transfert depuis l\u2019a\u00e9roport d\u2019AGADIR jusqu\u2019au centre-ville de MARRAKECH : environ 3 heures de route par autoroute<\/p><\/li><li><p>Temps de transfert depuis l\u2019a\u00e9roport de CASABLANCA jusqu\u2019au centre-ville de MARRAKECH : environ 3 heures de route par autoroute<\/p><\/li><\/ul>\t\t\t\t\t\t\t\t<\/div>\n\t\t\t\t<\/div>\n\t\t<div class=\"elementor-element elementor-element-bcbb30a e-con-full e-flex e-con e-child\" data-id=\"bcbb30a\" data-element_type=\"container\" data-e-type=\"container\">\n\t\t\t\t<div class=\"elementor-element elementor-element-6ec3d56 our-facts-img elementor-hidden-mobile at-image-animation at-animation-image-none at-none elementor-widget elementor-widget-image\" data-id=\"6ec3d56\" data-element_type=\"widget\" data-e-type=\"widget\" data-settings=\"{&quot;ekit_we_effect_on&quot;:&quot;none&quot;}\" data-widget_type=\"image.default\">\n\t\t\t\t\t\t\t\t\t\t\t\t\t\t\t<img fetchpriority=\"high\" decoding=\"async\" width=\"539\" height=\"653\" src=\"https:\/\/marrakech-golf-festival.com\/wp-content\/uploads\/2026\/03\/image-88.png\" class=\"attachment-full size-full wp-image-12647\" alt=\"\" srcset=\"https:\/\/marrakech-golf-festival.com\/wp-content\/uploads\/2026\/03\/image-88.png 539w, https:\/\/marrakech-golf-festival.com\/wp-content\/uploads\/2026\/03\/image-88-248x300.png 248w\" sizes=\"(max-width: 539px) 100vw, 539px\" \/>\t\t\t\t\t\t\t\t\t\t\t\t\t\t\t<\/div>\n\t\t\t\t<\/div>\n\t\t\t\t\t<\/div>\n\t\t\t\t<\/div>\n\t\t<div class=\"elementor-element elementor-element-b1ef324 e-flex e-con-boxed e-con e-parent\" data-id=\"b1ef324\" data-element_type=\"container\" data-e-type=\"container\" data-settings=\"{&quot;background_background&quot;:&quot;classic&quot;}\">\n\t\t\t\t\t<div class=\"e-con-inner\">\n\t\t<div class=\"elementor-element elementor-element-36ecfa8 e-con-full elementor-hidden-mobile e-flex e-con e-child\" data-id=\"36ecfa8\" data-element_type=\"container\" data-e-type=\"container\">\n\t\t\t\t<div class=\"elementor-element elementor-element-9c07c63 our-facts-img at-image-animation at-animation-image-none at-none elementor-widget elementor-widget-image\" data-id=\"9c07c63\" data-element_type=\"widget\" data-e-type=\"widget\" data-settings=\"{&quot;ekit_we_effect_on&quot;:&quot;none&quot;}\" data-widget_type=\"image.default\">\n\t\t\t\t\t\t\t\t\t\t\t\t\t\t\t<img decoding=\"async\" width=\"539\" height=\"653\" src=\"https:\/\/marrakech-golf-festival.com\/wp-content\/uploads\/2026\/03\/image-89.png\" class=\"attachment-full size-full wp-image-12665\" alt=\"\" srcset=\"https:\/\/marrakech-golf-festival.com\/wp-content\/uploads\/2026\/03\/image-89.png 539w, https:\/\/marrakech-golf-festival.com\/wp-content\/uploads\/2026\/03\/image-89-248x300.png 248w\" sizes=\"(max-width: 539px) 100vw, 539px\" \/>\t\t\t\t\t\t\t\t\t\t\t\t\t\t\t<\/div>\n\t\t\t\t<\/div>\n\t\t<div class=\"elementor-element elementor-element-0d36214 e-con-full e-flex e-con e-child\" data-id=\"0d36214\" data-element_type=\"container\" data-e-type=\"container\">\n\t\t\t\t<div class=\"elementor-element elementor-element-db36d69 section-title at-heading-animation at-animation-heading-none elementor-invisible elementor-widget elementor-widget-heading\" data-id=\"db36d69\" data-element_type=\"widget\" data-e-type=\"widget\" data-settings=\"{&quot;_animation&quot;:&quot;fadeInUp&quot;,&quot;ekit_we_effect_on&quot;:&quot;none&quot;}\" data-widget_type=\"heading.default\">\n\t\t\t\t\t<h3 class=\"elementor-heading-title elementor-size-default\">OPTION 2<\/h3>\t\t\t\t<\/div>\n\t\t\t\t<div class=\"elementor-element elementor-element-85f9cca at-heading-animation at-animation-heading-style-3 elementor-widget elementor-widget-heading\" data-id=\"85f9cca\" data-element_type=\"widget\" data-e-type=\"widget\" data-settings=\"{&quot;ekit_we_effect_on&quot;:&quot;none&quot;}\" data-widget_type=\"heading.default\">\n\t\t\t\t\t<h2 class=\"elementor-heading-title elementor-size-default\">H\u00d4TEL NAOURA BARRI\u00c8RE 5* SUP\u00c9RIEUR\n<\/h2>\t\t\t\t<\/div>\n\t\t\t\t<div class=\"elementor-element elementor-element-e6c0ebf elementor-invisible elementor-widget elementor-widget-text-editor\" data-id=\"e6c0ebf\" data-element_type=\"widget\" data-e-type=\"widget\" data-settings=\"{&quot;_animation&quot;:&quot;fadeInUp&quot;,&quot;_animation_delay&quot;:100,&quot;ekit_we_effect_on&quot;:&quot;none&quot;}\" data-widget_type=\"text-editor.default\">\n\t\t\t\t\t\t\t\t\t<p>Tarif par golfeur : 2 095 \u20ac<br \/>Tarif accompagnant (non-golfeur) : 1 735 \u20ac<br \/>Suppl\u00e9ment chambre individuelle : 915 \u20ac<\/p>\t\t\t\t\t\t\t\t<\/div>\n\t\t\t\t<div class=\"elementor-element elementor-element-c1ef1a5 at-heading-animation at-animation-heading-style-3 elementor-widget elementor-widget-heading\" data-id=\"c1ef1a5\" data-element_type=\"widget\" data-e-type=\"widget\" data-settings=\"{&quot;ekit_we_effect_on&quot;:&quot;none&quot;}\" data-widget_type=\"heading.default\">\n\t\t\t\t\t<h2 class=\"elementor-heading-title elementor-size-default\">Le tarif comprend (option 2)\n<\/h2>\t\t\t\t<\/div>\n\t\t\t\t<div class=\"elementor-element elementor-element-0f14d9f elementor-invisible elementor-widget elementor-widget-text-editor\" data-id=\"0f14d9f\" data-element_type=\"widget\" data-e-type=\"widget\" data-settings=\"{&quot;_animation&quot;:&quot;fadeInUp&quot;,&quot;_animation_delay&quot;:100,&quot;ekit_we_effect_on&quot;:&quot;none&quot;}\" data-widget_type=\"text-editor.default\">\n\t\t\t\t\t\t\t\t\t<ul><li>7 nuits, taxes incluses, \u00e0 l\u2019H\u00d4TEL NAOURA BARRI\u00c8RE<\/li><li>Petit-d\u00e9jeuner buffet quotidien<\/li><li>5 jours de comp\u00e9tition de golf (5 parcours)<\/li><li>4 cocktails avec canap\u00e9s<\/li><li>\u00bd journ\u00e9e de visite guid\u00e9e de Marrakech<\/li><li>D\u00eener-spectacle au restaurant CHEZ ALI<\/li><li>Spectacle de golf acrobatique par Karsten Maas<\/li><li>D\u00eener de gala avec animation &amp; c\u00e9r\u00e9monie de remise des prix<\/li><li>Transferts priv\u00e9s golf (H\u00f4tel \u2013 Parcours \u2013 H\u00f4tel)<\/li><li>Transferts priv\u00e9s depuis et vers l\u2019a\u00e9roport de Marrakech<\/li><li>Assistance permanente \u00e0 Marrakech<\/li><\/ul>\t\t\t\t\t\t\t\t<\/div>\n\t\t\t\t<\/div>\n\t\t\t\t\t<\/div>\n\t\t\t\t<\/div>\n\t\t<div class=\"elementor-element elementor-element-0551014 e-flex e-con-boxed e-con e-parent\" data-id=\"0551014\" data-element_type=\"container\" data-e-type=\"container\" data-settings=\"{&quot;background_background&quot;:&quot;classic&quot;}\">\n\t\t\t\t\t<div class=\"e-con-inner\">\n\t\t<div class=\"elementor-element elementor-element-cde3db8 e-con-full e-flex e-con e-child\" data-id=\"cde3db8\" data-element_type=\"container\" data-e-type=\"container\">\n\t\t\t\t<div class=\"elementor-element elementor-element-e044d65 section-title at-heading-animation at-animation-heading-none elementor-invisible elementor-widget elementor-widget-heading\" data-id=\"e044d65\" data-element_type=\"widget\" data-e-type=\"widget\" data-settings=\"{&quot;_animation&quot;:&quot;fadeInUp&quot;,&quot;ekit_we_effect_on&quot;:&quot;none&quot;}\" data-widget_type=\"heading.default\">\n\t\t\t\t\t<h3 class=\"elementor-heading-title elementor-size-default\">OPTION 3<\/h3>\t\t\t\t<\/div>\n\t\t\t\t<div class=\"elementor-element elementor-element-db94f02 at-heading-animation at-animation-heading-style-3 elementor-widget elementor-widget-heading\" data-id=\"db94f02\" data-element_type=\"widget\" data-e-type=\"widget\" data-settings=\"{&quot;ekit_we_effect_on&quot;:&quot;none&quot;}\" data-widget_type=\"heading.default\">\n\t\t\t\t\t<h2 class=\"elementor-heading-title elementor-size-default\">Green fees &amp; programme social uniquement<\/h2>\t\t\t\t<\/div>\n\t\t\t\t<div class=\"elementor-element elementor-element-3dce005 at-heading-animation at-animation-heading-style-3 elementor-widget elementor-widget-heading\" data-id=\"3dce005\" data-element_type=\"widget\" data-e-type=\"widget\" data-settings=\"{&quot;ekit_we_effect_on&quot;:&quot;none&quot;}\" data-widget_type=\"heading.default\">\n\t\t\t\t\t<h2 class=\"elementor-heading-title elementor-size-default\">Tarif par golfeur : 995 \u20ac\nTarif accompagnant (non-golfeur) : 705 \u20ac<\/h2>\t\t\t\t<\/div>\n\t\t\t\t<div class=\"elementor-element elementor-element-7a05ea2 at-heading-animation at-animation-heading-style-3 elementor-widget elementor-widget-heading\" data-id=\"7a05ea2\" data-element_type=\"widget\" data-e-type=\"widget\" data-settings=\"{&quot;ekit_we_effect_on&quot;:&quot;none&quot;}\" data-widget_type=\"heading.default\">\n\t\t\t\t\t<h2 class=\"elementor-heading-title elementor-size-default\">Le tarif comprend (option 3)<\/h2>\t\t\t\t<\/div>\n\t\t\t\t<div class=\"elementor-element elementor-element-151eb9e elementor-invisible elementor-widget elementor-widget-text-editor\" data-id=\"151eb9e\" data-element_type=\"widget\" data-e-type=\"widget\" data-settings=\"{&quot;_animation&quot;:&quot;fadeInUp&quot;,&quot;_animation_delay&quot;:100,&quot;ekit_we_effect_on&quot;:&quot;none&quot;}\" data-widget_type=\"text-editor.default\">\n\t\t\t\t\t\t\t\t\t<ul><li>5 jours de comp\u00e9tition de golf (5 parcours)<\/li><li>4 cocktails avec canap\u00e9s<\/li><li>D\u00eener de gala avec animation &amp; c\u00e9r\u00e9monie de remise des prix<\/li><\/ul>\t\t\t\t\t\t\t\t<\/div>\n\t\t\t\t<\/div>\n\t\t<div class=\"elementor-element elementor-element-e7ec579 e-con-full elementor-hidden-mobile e-flex e-con e-child\" data-id=\"e7ec579\" data-element_type=\"container\" data-e-type=\"container\">\n\t\t\t\t<div class=\"elementor-element elementor-element-649f932 our-facts-img at-image-animation at-animation-image-none at-none elementor-widget elementor-widget-image\" data-id=\"649f932\" data-element_type=\"widget\" data-e-type=\"widget\" data-settings=\"{&quot;ekit_we_effect_on&quot;:&quot;none&quot;}\" data-widget_type=\"image.default\">\n\t\t\t\t\t\t\t\t\t\t\t\t\t\t\t<img decoding=\"async\" width=\"539\" height=\"653\" src=\"https:\/\/marrakech-golf-festival.com\/wp-content\/uploads\/2026\/03\/image-90.png\" class=\"attachment-full size-full wp-image-12684\" alt=\"\" srcset=\"https:\/\/marrakech-golf-festival.com\/wp-content\/uploads\/2026\/03\/image-90.png 539w, https:\/\/marrakech-golf-festival.com\/wp-content\/uploads\/2026\/03\/image-90-248x300.png 248w\" sizes=\"(max-width: 539px) 100vw, 539px\" \/>\t\t\t\t\t\t\t\t\t\t\t\t\t\t\t<\/div>\n\t\t\t\t<\/div>\n\t\t\t\t\t<\/div>\n\t\t\t\t<\/div>\n\t\t\t\t<\/div>\n\t\t","protected":false},"excerpt":{"rendered":"<p>Tarifs Home OPTION 1 MOVENPICK MANSOUR EDDAHBI HOTEL 5* Tarif par golfeur [&hellip;]<\/p>\n","protected":false},"author":1,"featured_media":0,"parent":0,"menu_order":0,"comment_status":"closed","ping_status":"closed","template":"elementor_header_footer","meta":{"footnotes":""},"class_list":["post-9975","page","type-page","status-publish","hentry"],"_links":{"self":[{"href":"https:\/\/marrakech-golf-festival.com\/fr\/wp-json\/wp\/v2\/pages\/9975","targetHints":{"allow":["GET"]}}],"collection":[{"href":"https:\/\/marrakech-golf-festival.com\/fr\/wp-json\/wp\/v2\/pages"}],"about":[{"href":"https:\/\/marrakech-golf-festival.com\/fr\/wp-json\/wp\/v2\/types\/page"}],"author":[{"embeddable":true,"href":"https:\/\/marrakech-golf-festival.com\/fr\/wp-json\/wp\/v2\/users\/1"}],"replies":[{"embeddable":true,"href":"https:\/\/marrakech-golf-festival.com\/fr\/wp-json\/wp\/v2\/comments?post=9975"}],"version-history":[{"count":46,"href":"https:\/\/marrakech-golf-festival.com\/fr\/wp-json\/wp\/v2\/pages\/9975\/revisions"}],"predecessor-version":[{"id":12810,"href":"https:\/\/marrakech-golf-festival.com\/fr\/wp-json\/wp\/v2\/pages\/9975\/revisions\/12810"}],"wp:attachment":[{"href":"https:\/\/marrakech-golf-festival.com\/fr\/wp-json\/wp\/v2\/media?parent=9975"}],"curies":[{"name":"wp","href":"https:\/\/api.w.org\/{rel}","templated":true}]}}