{"id":9979,"date":"2025-09-01T14:38:08","date_gmt":"2025-09-01T14:38:08","guid":{"rendered":"https:\/\/marrakech-golf-festival.com\/privacy-policy\/"},"modified":"2025-09-16T15:15:29","modified_gmt":"2025-09-16T15:15:29","slug":"privacy-policy","status":"publish","type":"page","link":"https:\/\/marrakech-golf-festival.com\/fr\/privacy-policy\/","title":{"rendered":"R\u00c8GLES D\u2019APPLICATION PERMANENTES"},"content":{"rendered":"\n<p>1- Il est permis de placer une balle sur le fairway (distance maximale d\u2019une carte de score). Une fois replac\u00e9e, la balle est en jeu.<br>2- Droit de d\u00e9gagement des racines sur toute la zone d\u2019herbe tondue.<br>3- Lorsque la balle de jeu est hors limites, le joueur peut choisir de dropper une balle sur le fairway avec deux coups de p\u00e9nalit\u00e9. Le point de r\u00e9f\u00e9rence est l\u2019endroit o\u00f9 la balle a franchi le bord du fairway, avec un d\u00e9gagement de deux longueurs de club \u00e0 partir de l\u00e0.<br>4- Dans chaque \u00e9quipe, le joueur avec le handicap le plus bas sera le capitaine, responsable de rappeler \u00e0 ses partenaires le rythme de jeu indiqu\u00e9 sur les cartes, qui est de 4h30 sur tous les parcours.<\/p>\n\n\n\n<p>Le directeur du tournoi se r\u00e9serve le droit d\u2019ajuster le handicap de jeu pendant l\u2019\u00e9v\u00e9nement s\u2019il le juge n\u00e9cessaire.<\/p>\n\n\n\n<p>Cette semaine de tournoi est un v\u00e9ritable plaisir et une excellente occasion de se faire de nouveaux amis, de profiter d\u2019une comp\u00e9tition amicale et de jouer sur certains des plus beaux parcours de golf du Maroc, tout en d\u00e9couvrant la perle du Maroc : la ville magique de <strong>MARRAKECH<\/strong>.<\/p>\n\n\n\n<p><strong>Directeur du tournoi : M. BENJAMIN OOSTERVEER<\/strong><\/p>\n","protected":false},"excerpt":{"rendered":"<p>1- Il est permis de placer une balle sur le fairway (distance [&hellip;]<\/p>\n","protected":false},"author":1,"featured_media":0,"parent":0,"menu_order":0,"comment_status":"closed","ping_status":"open","template":"","meta":{"footnotes":""},"class_list":["post-9979","page","type-page","status-publish","hentry"],"_links":{"self":[{"href":"https:\/\/marrakech-golf-festival.com\/fr\/wp-json\/wp\/v2\/pages\/9979","targetHints":{"allow":["GET"]}}],"collection":[{"href":"https:\/\/marrakech-golf-festival.com\/fr\/wp-json\/wp\/v2\/pages"}],"about":[{"href":"https:\/\/marrakech-golf-festival.com\/fr\/wp-json\/wp\/v2\/types\/page"}],"author":[{"embeddable":true,"href":"https:\/\/marrakech-golf-festival.com\/fr\/wp-json\/wp\/v2\/users\/1"}],"replies":[{"embeddable":true,"href":"https:\/\/marrakech-golf-festival.com\/fr\/wp-json\/wp\/v2\/comments?post=9979"}],"version-history":[{"count":2,"href":"https:\/\/marrakech-golf-festival.com\/fr\/wp-json\/wp\/v2\/pages\/9979\/revisions"}],"predecessor-version":[{"id":10800,"href":"https:\/\/marrakech-golf-festival.com\/fr\/wp-json\/wp\/v2\/pages\/9979\/revisions\/10800"}],"wp:attachment":[{"href":"https:\/\/marrakech-golf-festival.com\/fr\/wp-json\/wp\/v2\/media?parent=9979"}],"curies":[{"name":"wp","href":"https:\/\/api.w.org\/{rel}","templated":true}]}}